{"id":1209,"date":"2016-05-09T23:22:05","date_gmt":"2016-05-09T21:22:05","guid":{"rendered":"http:\/\/oudoubice.cz\/?page_id=1209"},"modified":"2019-10-15T23:19:46","modified_gmt":"2019-10-15T22:19:46","slug":"slovo-zastupitele","status":"publish","type":"page","link":"https:\/\/oudoubice.cz\/index.php\/slovo-zastupitele\/","title":{"rendered":"Slovo zastupitele"},"content":{"rendered":"<p><a href=\"http:\/\/oudoubice.cz\/wp-content\/uploads\/2019\/10\/svoboda-je-dialog.png\"><strong>Svoboda je dialog<\/strong><\/a><\/p>\n<p><strong>Lesy v N\u00e1rodn\u00edm parku m\u011bn\u00ed svou tv\u00e1\u0159 &#8211;\u00a0<\/strong><a href=\"http:\/\/oudoubice.cz\/wp-content\/uploads\/2019\/05\/lesy-v-NP-m\u011bn\u00ed-svou-tv\u00e1\u0159.pdf\">\u010dl\u00e1nek o les\u00edch co m\u00e1me za vs\u00ed<\/a><\/p>\n<p><strong>Oslavy 25 let obnoven\u00e9 samostatnosti obce Doubice<\/strong><\/p>\n<p>Zde je odkaz na video z oslav 25 let samostatnosti obce Doubice &#8211; <a href=\"https:\/\/youtu.be\/YVmIkDjBa6c\">https:\/\/youtu.be\/YVmIkDjBa6c<\/a><\/p>\n<p>Projev pronesen\u00fd u p\u0159\u00edle\u017eitosti oslav 25 let samostatnosti obce Doubice &#8211; <a href=\"http:\/\/oudoubice.cz\/wp-content\/uploads\/2018\/08\/projev-doubice-oslavy-25-let.pdf\">projev v PDF<\/a><\/p>\n<p><strong>M\u00edstn\u00ed orienta\u010dn\u00ed syst\u00e9m<\/strong><br \/>\nObec Doubice \u00fasp\u011b\u0161n\u011b z\u00edskala\u00a0dotaci z Programu podpory obc\u00ed le\u017e\u00edc\u00edch v regionech n\u00e1rodn\u00edch park\u016f a to konkr\u00e9tn\u011b s projektem na vybudov\u00e1n\u00ed m\u00edstn\u00edho orienta\u010dn\u00edho syst\u00e9mu v Doubici &#8211; <a href=\"http:\/\/oudoubice.cz\/wp-content\/uploads\/2016\/05\/01_projekt_MOS.pdf\">naskenovan\u00fd projekt v PDF<\/a><\/p>\n<p><strong>Kamerov\u00fd syst\u00e9m<\/strong><br \/>\nObec Doubice\u00a0v roce 2016\u00a0instalovala kamerov\u00fd syst\u00e9m v obci, kter\u00fd slou\u017e\u00ed jako prevence kriminality a k zaji\u0161t\u011bn\u00ed p\u0159\u00edpadn\u00fdch d\u016fkazn\u00edch materi\u00e1l\u016f.\u00a0V\u011b\u0159\u00edme, \u017ee tento zp\u016fsob sledov\u00e1n\u00ed d\u016fle\u017eit\u00fdch m\u00edst v obci pom\u016f\u017ee v\u0161em obyvatel\u016fm i vlastn\u00edk\u016fm rekrea\u010dn\u00edch objekt\u016f v zaji\u0161t\u011bn\u00ed v\u011bt\u0161\u00ed bezpe\u010dnosti v obci a povede ke sn\u00ed\u017een\u00ed po\u010dtu p\u0159\u00edpad\u016f majetkov\u00e9 i jin\u00e9 trestn\u00e9 \u010dinnosti.<\/p>\n","protected":false},"excerpt":{"rendered":"<p>Svoboda je dialog Lesy v N\u00e1rodn\u00edm parku m\u011bn\u00ed svou tv\u00e1\u0159 &#8211;\u00a0\u010dl\u00e1nek o les\u00edch co m\u00e1me za vs\u00ed Oslavy 25 let obnoven\u00e9 samostatnosti obce Doubice Zde je odkaz na video z oslav 25 let samostatnosti obce Doubice &#8211; https:\/\/youtu.be\/YVmIkDjBa6c Projev pronesen\u00fd u p\u0159\u00edle\u017eitosti oslav 25 let samostatnosti obce Doubice &#8211; projev v PDF M\u00edstn\u00ed orienta\u010dn\u00ed syst\u00e9m [&hellip;]<\/p>\n","protected":false},"author":1,"featured_media":0,"parent":0,"menu_order":0,"comment_status":"closed","ping_status":"open","template":"","meta":{"_mi_skip_tracking":false,"_monsterinsights_sitenote_active":false,"_monsterinsights_sitenote_note":"","_monsterinsights_sitenote_category":0},"_links":{"self":[{"href":"https:\/\/oudoubice.cz\/index.php\/wp-json\/wp\/v2\/pages\/1209"}],"collection":[{"href":"https:\/\/oudoubice.cz\/index.php\/wp-json\/wp\/v2\/pages"}],"about":[{"href":"https:\/\/oudoubice.cz\/index.php\/wp-json\/wp\/v2\/types\/page"}],"author":[{"embeddable":true,"href":"https:\/\/oudoubice.cz\/index.php\/wp-json\/wp\/v2\/users\/1"}],"replies":[{"embeddable":true,"href":"https:\/\/oudoubice.cz\/index.php\/wp-json\/wp\/v2\/comments?post=1209"}],"version-history":[{"count":6,"href":"https:\/\/oudoubice.cz\/index.php\/wp-json\/wp\/v2\/pages\/1209\/revisions"}],"predecessor-version":[{"id":4025,"href":"https:\/\/oudoubice.cz\/index.php\/wp-json\/wp\/v2\/pages\/1209\/revisions\/4025"}],"wp:attachment":[{"href":"https:\/\/oudoubice.cz\/index.php\/wp-json\/wp\/v2\/media?parent=1209"}],"curies":[{"name":"wp","href":"https:\/\/api.w.org\/{rel}","templated":true}]}}