{"id":1216,"date":"2016-05-09T23:27:39","date_gmt":"2016-05-09T21:27:39","guid":{"rendered":"http:\/\/oudoubice.cz\/?page_id=1216"},"modified":"2024-01-03T15:58:17","modified_gmt":"2024-01-03T14:58:17","slug":"povodnovy-plan","status":"publish","type":"page","link":"https:\/\/oudoubice.cz\/index.php\/povodnovy-plan\/","title":{"rendered":"Povod\u0148ov\u00fd pl\u00e1n"},"content":{"rendered":"<p><a href=\"https:\/\/voda.portabo.org\/stanice\/DE-15\"><strong>Hl\u00e1sn\u00fd profil a stavu hladiny Doubick\u00e9ho potoka ON-LINE<\/strong><\/a><\/p>\n<p>Povod\u0148ov\u00fd pl\u00e1n &#8211; odkaz na povod\u0148ov\u00fd port\u00e1l:<\/p>\n<p><a href=\"https:\/\/www.vop-povodnovyportal.cz\/povodnovy-plan\/doubice-361\">https:\/\/www.vop-povodnovyportal.cz\/povodnovy-plan\/doubice-361<\/a><\/p>\n<p>Povod\u0148ov\u00fd pl\u00e1n ke sta\u017een\u00ed &#8211; <a href=\"http:\/\/oudoubice.cz\/wp-content\/uploads\/2016\/05\/Povodnovy_plan_Doubice.pdf\">zde<\/a><\/p>\n<p>Povod\u0148ov\u00e1 komise:<\/p>\n<p>Ing. Jan Drozd &#8211; p\u0159edseda<\/p>\n<p>B\u0159etislav Jemelka &#8211; m\u00edstop\u0159edseda<\/p>\n<p>Filip Mol\u010dan &#8211; tajemn\u00edk<\/p>\n<p>Karel Rezek &#8211; \u010dlen<\/p>\n<p>Ji\u0159\u00ed \u010cern\u00fd &#8211; \u010dlen<\/p>\n","protected":false},"excerpt":{"rendered":"<p>Hl\u00e1sn\u00fd profil a stavu hladiny Doubick\u00e9ho potoka ON-LINE Povod\u0148ov\u00fd pl\u00e1n &#8211; odkaz na povod\u0148ov\u00fd port\u00e1l: https:\/\/www.vop-povodnovyportal.cz\/povodnovy-plan\/doubice-361 Povod\u0148ov\u00fd pl\u00e1n ke sta\u017een\u00ed &#8211; zde Povod\u0148ov\u00e1 komise: Ing. Jan Drozd &#8211; p\u0159edseda B\u0159etislav Jemelka &#8211; m\u00edstop\u0159edseda Filip Mol\u010dan &#8211; tajemn\u00edk Karel Rezek &#8211; \u010dlen Ji\u0159\u00ed \u010cern\u00fd &#8211; \u010dlen<\/p>\n","protected":false},"author":1,"featured_media":0,"parent":0,"menu_order":0,"comment_status":"open","ping_status":"open","template":"","meta":{"_mi_skip_tracking":false,"_monsterinsights_sitenote_active":false,"_monsterinsights_sitenote_note":"","_monsterinsights_sitenote_category":0},"_links":{"self":[{"href":"https:\/\/oudoubice.cz\/index.php\/wp-json\/wp\/v2\/pages\/1216"}],"collection":[{"href":"https:\/\/oudoubice.cz\/index.php\/wp-json\/wp\/v2\/pages"}],"about":[{"href":"https:\/\/oudoubice.cz\/index.php\/wp-json\/wp\/v2\/types\/page"}],"author":[{"embeddable":true,"href":"https:\/\/oudoubice.cz\/index.php\/wp-json\/wp\/v2\/users\/1"}],"replies":[{"embeddable":true,"href":"https:\/\/oudoubice.cz\/index.php\/wp-json\/wp\/v2\/comments?post=1216"}],"version-history":[{"count":5,"href":"https:\/\/oudoubice.cz\/index.php\/wp-json\/wp\/v2\/pages\/1216\/revisions"}],"predecessor-version":[{"id":7108,"href":"https:\/\/oudoubice.cz\/index.php\/wp-json\/wp\/v2\/pages\/1216\/revisions\/7108"}],"wp:attachment":[{"href":"https:\/\/oudoubice.cz\/index.php\/wp-json\/wp\/v2\/media?parent=1216"}],"curies":[{"name":"wp","href":"https:\/\/api.w.org\/{rel}","templated":true}]}}