{"id":1294,"date":"2016-05-13T11:00:24","date_gmt":"2016-05-13T09:00:24","guid":{"rendered":"http:\/\/oudoubice.cz\/?page_id=1294"},"modified":"2017-08-27T22:05:04","modified_gmt":"2017-08-27T21:05:04","slug":"dokumenty","status":"publish","type":"page","link":"https:\/\/oudoubice.cz\/index.php\/dokumenty\/","title":{"rendered":"Dokumenty"},"content":{"rendered":"<p align=\"left\">Z\u00e1sady p\u0159i prodeji a pron\u00e1jmu pozemk\u016f v majetku obce Doubice<\/p>\n<p align=\"left\"><a href=\"http:\/\/oudoubice.cz\/wp-content\/uploads\/2016\/05\/jednaci_rad_ZO_2015_05_25.pdf\">Jednac\u00ed \u0159\u00e1d<\/a>&#8211; platn\u00fd od 25.05.2015<\/p>\n<p><strong>Neofici\u00e1ln\u00ed z\u00e1pisy z ve\u0159ejn\u00fdch sch\u016fz\u00ed\u00a0ze <a href=\"http:\/\/oudoubice.cz\/wp-content\/uploads\/2016\/05\/verejna_03052003.pdf\">kv\u011btna<\/a> a <a href=\"http:\/\/oudoubice.cz\/wp-content\/uploads\/2016\/05\/verejna_26102003.pdf\">\u0159\u00edjna <\/a> 2003 a ze <a href=\"http:\/\/oudoubice.cz\/wp-content\/uploads\/2016\/05\/verejna_27032005.pdf\">b\u0159ezna <\/a> 2005.<\/strong><\/p>\n<p>&nbsp;<\/p>\n","protected":false},"excerpt":{"rendered":"<p>Z\u00e1sady p\u0159i prodeji a pron\u00e1jmu pozemk\u016f v majetku obce Doubice Jednac\u00ed \u0159\u00e1d&#8211; platn\u00fd od 25.05.2015 Neofici\u00e1ln\u00ed z\u00e1pisy z ve\u0159ejn\u00fdch sch\u016fz\u00ed\u00a0ze kv\u011btna a \u0159\u00edjna 2003 a ze b\u0159ezna 2005. &nbsp;<\/p>\n","protected":false},"author":1,"featured_media":0,"parent":0,"menu_order":0,"comment_status":"open","ping_status":"open","template":"","meta":{"_mi_skip_tracking":false,"_monsterinsights_sitenote_active":false,"_monsterinsights_sitenote_note":"","_monsterinsights_sitenote_category":0},"_links":{"self":[{"href":"https:\/\/oudoubice.cz\/index.php\/wp-json\/wp\/v2\/pages\/1294"}],"collection":[{"href":"https:\/\/oudoubice.cz\/index.php\/wp-json\/wp\/v2\/pages"}],"about":[{"href":"https:\/\/oudoubice.cz\/index.php\/wp-json\/wp\/v2\/types\/page"}],"author":[{"embeddable":true,"href":"https:\/\/oudoubice.cz\/index.php\/wp-json\/wp\/v2\/users\/1"}],"replies":[{"embeddable":true,"href":"https:\/\/oudoubice.cz\/index.php\/wp-json\/wp\/v2\/comments?post=1294"}],"version-history":[{"count":3,"href":"https:\/\/oudoubice.cz\/index.php\/wp-json\/wp\/v2\/pages\/1294\/revisions"}],"predecessor-version":[{"id":2144,"href":"https:\/\/oudoubice.cz\/index.php\/wp-json\/wp\/v2\/pages\/1294\/revisions\/2144"}],"wp:attachment":[{"href":"https:\/\/oudoubice.cz\/index.php\/wp-json\/wp\/v2\/media?parent=1294"}],"curies":[{"name":"wp","href":"https:\/\/api.w.org\/{rel}","templated":true}]}}