{"id":191,"date":"2015-05-14T11:47:28","date_gmt":"2015-05-14T15:47:28","guid":{"rendered":"http:\/\/demos.volovar.net\/townpress.wp\/demo\/?page_id=191"},"modified":"2022-02-04T10:50:04","modified_gmt":"2022-02-04T09:50:04","slug":"phone-numbers","status":"publish","type":"page","link":"https:\/\/oudoubice.cz\/index.php\/phone-numbers\/","title":{"rendered":"Kontakty"},"content":{"rendered":"<p>[vc_row][vc_column]<div class=\"c-definition-list\"><div class=\"c-content-box\"><dl><dt>Starosta<\/dt><dd>737 276 982<\/dd><dt>M\u00edstostarosta<\/dt><dd>737 276 980<\/dd><dt>\u00da\u010detn\u00ed obce<\/dt><dd>604 608 107<\/dd><\/dl><\/div><\/div><div class=\"c-definition-list\"><div class=\"c-content-box\"><dl><dt>Pevn\u00e1 linka obecn\u00edho \u00fa\u0159adu<\/dt><dd>412 331 699<\/dd><dt>Obecn\u00ed knihovna<\/dt><dd>604 563 345<\/dd><dt>E-mail<\/dt><dd>oudoubice@volny.cz<\/dd><dt>Datov\u00e1 schr\u00e1nka<\/dt><dd>tixb7wc<\/dd><dt>Adresa<\/dt><dd>Doubice \u010d.p.50, PS\u010c 407 47<\/dd><dt>I\u010cO:<\/dt><dd>47274212<\/dd><dt>Bankovn\u00ed spojen\u00ed:<\/dt><dd>101030436\/0300<\/dd><dt>Pov\u011b\u0159enec GDPR<\/dt><dd>721 077 806 ; zahradnicky@pro-cert.cz<\/dd><\/dl><\/div><\/div>[\/vc_column][\/vc_row]<\/p>\n","protected":false},"excerpt":{"rendered":"<p>[vc_row][vc_column][\/vc_column][\/vc_row]<\/p>\n","protected":false},"author":1,"featured_media":0,"parent":0,"menu_order":0,"comment_status":"closed","ping_status":"closed","template":"","meta":{"_mi_skip_tracking":false,"_monsterinsights_sitenote_active":false,"_monsterinsights_sitenote_note":"","_monsterinsights_sitenote_category":0},"_links":{"self":[{"href":"https:\/\/oudoubice.cz\/index.php\/wp-json\/wp\/v2\/pages\/191"}],"collection":[{"href":"https:\/\/oudoubice.cz\/index.php\/wp-json\/wp\/v2\/pages"}],"about":[{"href":"https:\/\/oudoubice.cz\/index.php\/wp-json\/wp\/v2\/types\/page"}],"author":[{"embeddable":true,"href":"https:\/\/oudoubice.cz\/index.php\/wp-json\/wp\/v2\/users\/1"}],"replies":[{"embeddable":true,"href":"https:\/\/oudoubice.cz\/index.php\/wp-json\/wp\/v2\/comments?post=191"}],"version-history":[{"count":7,"href":"https:\/\/oudoubice.cz\/index.php\/wp-json\/wp\/v2\/pages\/191\/revisions"}],"predecessor-version":[{"id":5664,"href":"https:\/\/oudoubice.cz\/index.php\/wp-json\/wp\/v2\/pages\/191\/revisions\/5664"}],"wp:attachment":[{"href":"https:\/\/oudoubice.cz\/index.php\/wp-json\/wp\/v2\/media?parent=191"}],"curies":[{"name":"wp","href":"https:\/\/api.w.org\/{rel}","templated":true}]}}