{"id":273,"date":"2015-07-03T08:12:44","date_gmt":"2015-07-03T07:12:44","guid":{"rendered":"http:\/\/jirivetvicka.cz\/?page_id=273"},"modified":"2017-02-23T17:40:41","modified_gmt":"2017-02-23T15:40:41","slug":"komunita","status":"publish","type":"page","link":"https:\/\/oudoubice.cz\/index.php\/komunita\/","title":{"rendered":"Komunita"},"content":{"rendered":"<p>Komunitn\u00ed web Doubice\u00a0je provozov\u00e1n na str\u00e1nk\u00e1ch <a href=\"http:\/\/www.doubice.cz\/\">http:\/\/www.doubice.cz\/<\/a><\/p>\n","protected":false},"excerpt":{"rendered":"<p>Komunitn\u00ed web Doubice\u00a0je provozov\u00e1n na str\u00e1nk\u00e1ch http:\/\/www.doubice.cz\/<\/p>\n","protected":false},"author":1,"featured_media":0,"parent":0,"menu_order":0,"comment_status":"open","ping_status":"open","template":"","meta":{"_mi_skip_tracking":false,"_monsterinsights_sitenote_active":false,"_monsterinsights_sitenote_note":"","_monsterinsights_sitenote_category":0},"_links":{"self":[{"href":"https:\/\/oudoubice.cz\/index.php\/wp-json\/wp\/v2\/pages\/273"}],"collection":[{"href":"https:\/\/oudoubice.cz\/index.php\/wp-json\/wp\/v2\/pages"}],"about":[{"href":"https:\/\/oudoubice.cz\/index.php\/wp-json\/wp\/v2\/types\/page"}],"author":[{"embeddable":true,"href":"https:\/\/oudoubice.cz\/index.php\/wp-json\/wp\/v2\/users\/1"}],"replies":[{"embeddable":true,"href":"https:\/\/oudoubice.cz\/index.php\/wp-json\/wp\/v2\/comments?post=273"}],"version-history":[{"count":4,"href":"https:\/\/oudoubice.cz\/index.php\/wp-json\/wp\/v2\/pages\/273\/revisions"}],"predecessor-version":[{"id":1473,"href":"https:\/\/oudoubice.cz\/index.php\/wp-json\/wp\/v2\/pages\/273\/revisions\/1473"}],"wp:attachment":[{"href":"https:\/\/oudoubice.cz\/index.php\/wp-json\/wp\/v2\/media?parent=273"}],"curies":[{"name":"wp","href":"https:\/\/api.w.org\/{rel}","templated":true}]}}