{"id":282,"date":"2015-07-03T08:17:54","date_gmt":"2015-07-03T07:17:54","guid":{"rendered":"http:\/\/jirivetvicka.cz\/?page_id=282"},"modified":"2023-09-25T17:24:45","modified_gmt":"2023-09-25T16:24:45","slug":"muzeum","status":"publish","type":"page","link":"https:\/\/oudoubice.cz\/index.php\/muzeum\/","title":{"rendered":"Muzeum"},"content":{"rendered":"<p><strong>MUZEUM\u00a0\u00a0 DOUBICE \u2013 \u201cDOUBICE SOB\u011a\u201d<\/strong><\/p>\n<p>&#8230;tak, jako \u201cN\u00e1rod sob\u011b\u201d v podob\u011b \u201cZlat\u00e9 kapli\u010dky\u201d v Praze N\u00e1rodn\u00ed divadlo postavil, tak \u201cDoubice sob\u011b\u201d sv\u00e9 muzeum z\u0159\u00eddila. Bylo um\u00edst\u011bno v b\u00fdval\u00fdch historick\u00fdch prostor\u00e1ch C. K. po\u0161ty Rakousk\u00e9ho mocn\u00e1\u0159stv\u00ed, v budov\u011b z\u00e1jezdn\u00edho hostince, um\u00edst\u011bn\u00e9ho ve st\u0159edu obce. P\u016fvodn\u00ed \u201cGasthaus zur Post\u201d z roku 1845 byl z jedn\u00e9 poloviny hostincem z druh\u00e9 poloviny po\u0161tou. D\u016fkazem b\u00fdval\u00e9 po\u0161tovn\u00ed administrativy je historick\u00fd \u0161t\u00edt um\u00edst\u011bn\u00fd v muzeu s n\u00e1zvem \u201cK. K. POSTAMT\u201d. D\u016fkazem, \u017ee \u201eDoubice sob\u011b \u201c, muzeum z\u0159\u00eddila, dokl\u00e1d\u00e1 i text ve znaku obce Doubice, kter\u00fd najdete v muzeu takt\u00e9\u017e.<\/p>\n<p>Doubick\u00e9 muzeum se poda\u0159ilo otev\u0159\u00edt pro ve\u0159ejnost dne 26.10.2014, jako obecn\u00ed muzeum s mnoha zaj\u00edmav\u00fdmi expon\u00e1ty a dokumenty z historie obce. Cel\u00e1 instalace prob\u011bhla za \u00fa\u010dasti mnoha nad\u0161en\u00fdch brig\u00e1dn\u00edk\u016f, ale p\u0159edev\u0161\u00edm, d\u00edky sponzorsk\u00fdm dar\u016fm z \u0159ad doubick\u00fdch ob\u010dan\u016f a rekreant\u016f, kter\u00e9 p\u0159es\u00e1hly 100 tis\u00edc korun \u2013 proto:\u00a0\u00a0\u00a0\u00a0 \u201c DOUBICE SOB\u011a\u201d.<\/p>\n<hr \/>\n<p><em><strong>MUSEUM<\/strong><\/em><\/p>\n<p><em>Wie das tschechische Volk in Prag im 19. Jahrhundert das Nationaltheater von einer Spenden-sammlung gebaut hat, so hat Daubitz f\u00fcr sich ein Museum errichtet. Es befindet sich in historischen R\u00e4umen des K.K. Postamtes, im Geb\u00e4ude des \u201eGasthofs zur Post\u201c in der Mitte der Gemeinde. Urspr\u00fcngliches war das Gasthaus zur Post aus dem Jahre 1845 zu einer H\u00e4lfte ein Gasthof und zur anderen ein Postamt. Deshalb h\u00e4ngt die urspr\u00fcngliche Anschrift K.K. Postamt im Museum. Im Museum findet man auch das Daubitzer Wappen mit der Anschrift \u201eDaubitz f\u00fcr sich selbst\u201c \u2013 als Beweis dass die Einrichtung des Museums dank vieler freiwilliger Aufbauhelfer und vor allem der Spendergeschenke (mehr als 100.000 Kronen) von Daubitzer Einwohnern und Erholungsuchenden m\u00f6glich war. Das Gemeindemuseum wurde im Jahr 2014 mit vielen interessanten Exponaten und Dokumenten aus der Daubitzer Geschichte er\u00f6ffnet.<\/em><\/p>\n<hr \/>\n<h4 style=\"text-align: center;\">\u00a0<strong>PROVOZN\u00cd DOBA MUZEA DOUBICE<\/strong><\/h4>\n<p style=\"text-align: center;\">Muzeum je v l\u00e9t\u011b otev\u0159eno ve st\u0159edu a v sobotu od 13 do 15 hodin.<\/p>\n<p style=\"text-align: center;\">Individu\u00e1ln\u00ed prohl\u00eddku lze tak\u00e9 sjednat na tel. \u010d\u00edslech 602 396 917 a 702 073 526.<\/p>\n<p style=\"text-align: center;\">VSTUPN\u00c9: dobrovoln\u00e9<\/p>\n<p style=\"text-align: center;\">KONTAKT: spr\u00e1vce muzea <strong>Karel M \u00ed \u0161 e k<\/strong> &#8211; mobil: 702 073 526 pop\u0159\u00edpad\u011b 603 741 974<\/p>\n<p><a href=\"https:\/\/oudoubice.cz\/wp-content\/uploads\/2023\/09\/muzeum_0242.jpg\"><img loading=\"lazy\" class=\"wp-image-6793 size-full aligncenter\" src=\"https:\/\/oudoubice.cz\/wp-content\/uploads\/2023\/09\/muzeum_0242.jpg\" alt=\"\" width=\"500\" height=\"331\" srcset=\"https:\/\/oudoubice.cz\/wp-content\/uploads\/2023\/09\/muzeum_0242.jpg 500w, https:\/\/oudoubice.cz\/wp-content\/uploads\/2023\/09\/muzeum_0242-300x199.jpg 300w\" sizes=\"(max-width: 500px) 100vw, 500px\" \/><\/a><\/p>\n<p style=\"text-align: center;\">Muzeum se nach\u00e1z\u00ed v budov\u011b obecn\u00edho \u00fa\u0159adu.<\/p>\n","protected":false},"excerpt":{"rendered":"<p>MUZEUM\u00a0\u00a0 DOUBICE \u2013 \u201cDOUBICE SOB\u011a\u201d &#8230;tak, jako \u201cN\u00e1rod sob\u011b\u201d v podob\u011b \u201cZlat\u00e9 kapli\u010dky\u201d v Praze N\u00e1rodn\u00ed divadlo postavil, tak \u201cDoubice sob\u011b\u201d sv\u00e9 muzeum z\u0159\u00eddila. Bylo um\u00edst\u011bno v b\u00fdval\u00fdch historick\u00fdch prostor\u00e1ch C. K. po\u0161ty Rakousk\u00e9ho mocn\u00e1\u0159stv\u00ed, v budov\u011b z\u00e1jezdn\u00edho hostince, um\u00edst\u011bn\u00e9ho ve st\u0159edu obce. P\u016fvodn\u00ed \u201cGasthaus zur Post\u201d z roku 1845 byl z jedn\u00e9 poloviny hostincem [&hellip;]<\/p>\n","protected":false},"author":1,"featured_media":0,"parent":0,"menu_order":0,"comment_status":"open","ping_status":"open","template":"","meta":{"_mi_skip_tracking":false,"_monsterinsights_sitenote_active":false,"_monsterinsights_sitenote_note":"","_monsterinsights_sitenote_category":0},"_links":{"self":[{"href":"https:\/\/oudoubice.cz\/index.php\/wp-json\/wp\/v2\/pages\/282"}],"collection":[{"href":"https:\/\/oudoubice.cz\/index.php\/wp-json\/wp\/v2\/pages"}],"about":[{"href":"https:\/\/oudoubice.cz\/index.php\/wp-json\/wp\/v2\/types\/page"}],"author":[{"embeddable":true,"href":"https:\/\/oudoubice.cz\/index.php\/wp-json\/wp\/v2\/users\/1"}],"replies":[{"embeddable":true,"href":"https:\/\/oudoubice.cz\/index.php\/wp-json\/wp\/v2\/comments?post=282"}],"version-history":[{"count":11,"href":"https:\/\/oudoubice.cz\/index.php\/wp-json\/wp\/v2\/pages\/282\/revisions"}],"predecessor-version":[{"id":6850,"href":"https:\/\/oudoubice.cz\/index.php\/wp-json\/wp\/v2\/pages\/282\/revisions\/6850"}],"wp:attachment":[{"href":"https:\/\/oudoubice.cz\/index.php\/wp-json\/wp\/v2\/media?parent=282"}],"curies":[{"name":"wp","href":"https:\/\/api.w.org\/{rel}","templated":true}]}}