{"id":286,"date":"2015-07-03T08:32:28","date_gmt":"2015-07-03T07:32:28","guid":{"rendered":"http:\/\/jirivetvicka.cz\/?page_id=286"},"modified":"2015-07-03T11:09:23","modified_gmt":"2015-07-03T09:09:23","slug":"czechpoint","status":"publish","type":"page","link":"https:\/\/oudoubice.cz\/index.php\/czechpoint\/","title":{"rendered":"Czechpoint"},"content":{"rendered":"<p>Kontaktn\u00ed m\u00edsto CzechPOINT je pracovi\u0161t\u011b, na n\u011bm\u017e lze z\u00edskat na po\u010dk\u00e1n\u00ed v\u00fdpisy z n\u011bkter\u00fdch rejst\u0159\u00edk\u016f a evidenc\u00ed.<br \/>\nToto kontaktn\u00ed m\u00edsto je v provozu i v Doubici.<\/p>\n<ul>\n<li>Jak\u00e9 v\u00fdpisy (ov\u011b\u0159en\u00e9 v\u00fdstupy) zde m\u016f\u017eete z\u00edskat?<\/li>\n<li>V\u00fdpis z katastru nemovitost\u00ed<\/li>\n<li>V\u00fdpis z obchodn\u00edho rejst\u0159\u00edku<\/li>\n<li>V\u00fdpis ze \u017eivnostensk\u00e9ho rejst\u0159\u00edku<\/li>\n<li>V\u00fdpis z Rejst\u0159\u00edku trest\u016f<\/li>\n<li>P\u0159ijet\u00ed pod\u00e1n\u00ed podle \u017eivnostensk\u00e9ho z\u00e1kona (\u00a7 72)<\/li>\n<li>V\u00fdpis bodov\u00e9ho hodnocen\u00ed osoby<\/li>\n<li>Seznam kvalifikovan\u00fdch dodavatel\u016f<\/li>\n<li>Registr \u00fa\u010dastn\u00edk\u016f provozu Modul Autovraky ISOH<\/li>\n<li>V\u00fdpis z insolven\u010dn\u00edho rejst\u0159\u00edku<\/li>\n<li>Autorizovan\u00e1 konverze dokument\u016f<\/li>\n<li>\u017d\u00e1dosti o z\u0159\u00edzen\u00ed datov\u00e9 schr\u00e1nky<\/li>\n<li>V\u00fdpis z Rejst\u0159\u00edku trest\u016f pro pr\u00e1vnickou osobu<\/li>\n<\/ul>\n<p>Co mus\u00edm v\u011bd\u011bt nebo co si mus\u00edm p\u0159in\u00e9st, aby mi mohl b\u00fdt v\u00fdpis vyhotoven?<\/p>\n<ul>\n<li>V\u00fdpis z katastru nemovitost\u00ed:<br \/>\nV\u017edy mus\u00edme zn\u00e1t katastr\u00e1ln\u00ed \u00fazem\u00ed a k tomu jeden z t\u011bchto \u00fadaj\u016f:<br \/>\n\u010d\u00edslo listu vlastnictv\u00ed nebo<br \/>\n\u010d\u00edslo parcely nebo<br \/>\n\u010d\u00edslo budovy nebo<br \/>\n\u010d\u00edslo jednotky (t\u00fdk\u00e1 se nap\u0159. byt\u016f v osobn\u00edm vlastnictv\u00ed) a \u010d\u00e1st obce<\/li>\n<li>V\u00fdpis z obchodn\u00edho rejst\u0159\u00edku:<br \/>\n\u017dadatel mus\u00ed uv\u00e9st I\u010c subjektu, o jeho\u017e v\u00fdpis \u017e\u00e1d\u00e1, a zda chce v\u00fdpis z OR platn\u00fd (b\u00fdv\u00e1 krat\u0161\u00ed, na m\u00e9n\u011b str\u00e1nek) nebo v\u00fdpis z OR \u00fapln\u00fd (del\u0161\u00ed, v\u00edce str\u00e1nek, vy\u0161\u0161\u00ed spr\u00e1vn\u00ed poplatek)<\/li>\n<li>V\u00fdpis ze \u017eivnostensk\u00e9ho rejst\u0159\u00edku:<br \/>\n\u017dadatel mus\u00ed uv\u00e9st I\u010c subjektu, o jeho\u017e v\u00fdpis \u017e\u00e1d\u00e1.<br \/>\nU t\u011bchto t\u0159\u00ed rejst\u0159\u00edk\u016f \u017eadatel neprokazuje svoji toto\u017enost a m\u016f\u017ee si po\u017e\u00e1dat o jak\u00fdkoliv v\u00fdpis, proto\u017ee se jedn\u00e1 o v\u00fdpisy z ve\u0159ejn\u00fdch evidenc\u00ed.<\/li>\n<li>V\u00fdpis z Rejst\u0159\u00edku trest\u016f<br \/>\nPro vyd\u00e1n\u00ed ov\u011b\u0159en\u00e9ho v\u00fdpis\u016f z RT je t\u0159eba podepsat p\u00edsemnou \u017e\u00e1dost a dolo\u017eit toto\u017enost \u017eadatele, kter\u00e9ho se v\u00fdpis t\u00fdk\u00e1. K prok\u00e1z\u00e1n\u00ed toto\u017enosti p\u0159ineste s sebou ob\u010dansk\u00fd pr\u016fkaz nebo cestovn\u00ed pas. V\u00fdpis z RT je mo\u017en\u00e9 vydat i cizinc\u016fm, kte\u0159\u00ed maj\u00ed povolen\u00ed k dlouhodob\u00e9mu nebo trval\u00e9mu pobytu a bylo jim p\u0159id\u011bleno rodn\u00e9 \u010d\u00edslo.<br \/>\nPokud n\u011bkdo \u017e\u00e1d\u00e1 o v\u00fdpis z RT v zastoupen\u00ed, mus\u00ed dolo\u017eit i \u00fa\u0159edn\u011b ov\u011b\u0159en\u00e9 pov\u011b\u0159en\u00ed k tomuto \u00fakonu (plnou moc) a svoji toto\u017enost.<br \/>\nP\u0159ijet\u00ed pod\u00e1n\u00ed podle \u017eivnostensk\u00e9ho z\u00e1kona (\u00a7 72)<\/li>\n<\/ul>\n<p>Spr\u00e1vn\u00ed poplatek<br \/>\nZa vyhotoven\u00ed v\u00fdpisu se hrad\u00ed spr\u00e1vn\u00ed poplatek, kter\u00fd je:<br \/>\nza prvn\u00ed str\u00e1nku 100 K\u010d a za ka\u017edou dal\u0161\u00ed str\u00e1nku 50 K\u010d.<br \/>\nV\u00fdjimka je u v\u00fdpisu z Rejst\u0159\u00edku trest\u016f, kdy se plat\u00ed spr\u00e1vn\u00ed poplatek 100 K\u010d a to i v p\u0159\u00edpad\u011b, kdy se v\u00fdpis skl\u00e1d\u00e1 z n\u011bkolika stran.<br \/>\nDo po\u010dtu str\u00e1nek se nezapo\u010d\u00edt\u00e1v\u00e1 str\u00e1nka s vyti\u0161t\u011bnou ov\u011b\u0159ovac\u00ed dolo\u017ekou.<br \/>\nSpr\u00e1vn\u00ed poplatek od V\u00e1s vybere pracovnice Czech POINTu<br \/>\npod\u00e1n\u00ed \u017e\u00e1dosti na z\u0159\u00edzen\u00ed datov\u00e9 schr\u00e1nky je bezplatn\u00e9<\/p>\n","protected":false},"excerpt":{"rendered":"<p>Kontaktn\u00ed m\u00edsto CzechPOINT je pracovi\u0161t\u011b, na n\u011bm\u017e lze z\u00edskat na po\u010dk\u00e1n\u00ed v\u00fdpisy z n\u011bkter\u00fdch rejst\u0159\u00edk\u016f a evidenc\u00ed. Toto kontaktn\u00ed m\u00edsto je v provozu i v Doubici. Jak\u00e9 v\u00fdpisy (ov\u011b\u0159en\u00e9 v\u00fdstupy) zde m\u016f\u017eete z\u00edskat? V\u00fdpis z katastru nemovitost\u00ed V\u00fdpis z obchodn\u00edho rejst\u0159\u00edku V\u00fdpis ze \u017eivnostensk\u00e9ho rejst\u0159\u00edku V\u00fdpis z Rejst\u0159\u00edku trest\u016f P\u0159ijet\u00ed pod\u00e1n\u00ed podle \u017eivnostensk\u00e9ho z\u00e1kona (\u00a7 [&hellip;]<\/p>\n","protected":false},"author":1,"featured_media":0,"parent":0,"menu_order":0,"comment_status":"open","ping_status":"open","template":"","meta":{"_mi_skip_tracking":false,"_monsterinsights_sitenote_active":false,"_monsterinsights_sitenote_note":"","_monsterinsights_sitenote_category":0},"_links":{"self":[{"href":"https:\/\/oudoubice.cz\/index.php\/wp-json\/wp\/v2\/pages\/286"}],"collection":[{"href":"https:\/\/oudoubice.cz\/index.php\/wp-json\/wp\/v2\/pages"}],"about":[{"href":"https:\/\/oudoubice.cz\/index.php\/wp-json\/wp\/v2\/types\/page"}],"author":[{"embeddable":true,"href":"https:\/\/oudoubice.cz\/index.php\/wp-json\/wp\/v2\/users\/1"}],"replies":[{"embeddable":true,"href":"https:\/\/oudoubice.cz\/index.php\/wp-json\/wp\/v2\/comments?post=286"}],"version-history":[{"count":3,"href":"https:\/\/oudoubice.cz\/index.php\/wp-json\/wp\/v2\/pages\/286\/revisions"}],"predecessor-version":[{"id":394,"href":"https:\/\/oudoubice.cz\/index.php\/wp-json\/wp\/v2\/pages\/286\/revisions\/394"}],"wp:attachment":[{"href":"https:\/\/oudoubice.cz\/index.php\/wp-json\/wp\/v2\/media?parent=286"}],"curies":[{"name":"wp","href":"https:\/\/api.w.org\/{rel}","templated":true}]}}