{"id":288,"date":"2015-07-03T08:32:55","date_gmt":"2015-07-03T07:32:55","guid":{"rendered":"http:\/\/jirivetvicka.cz\/?page_id=288"},"modified":"2020-05-11T15:45:05","modified_gmt":"2020-05-11T14:45:05","slug":"uzemni-plan","status":"publish","type":"page","link":"https:\/\/oudoubice.cz\/index.php\/uzemni-plan\/","title":{"rendered":"\u00dazemn\u00ed pl\u00e1n"},"content":{"rendered":"<p>\u00dazemn\u00ed pl\u00e1n byl schv\u00e1len formou opat\u0159en\u00ed obecn\u00e9 povahy usnesen\u00edm Zastupitelstva obce Doubice \u010d.4 ze dne 27.10.2008.<\/p>\n<p>\u00dazemn\u00ed pl\u00e1n si m\u016f\u017eete prohl\u00e9dnout v \u010distopise na Obecn\u00edm \u00fa\u0159ad\u011b Doubice anebo si m\u016f\u017eete pot\u0159ebnou dokumentaci st\u00e1hnout z webov\u00e9 str\u00e1nky <a href=\"https:\/\/www.doubice.cz\/uzemniplan\/\">zde z odkazu.<\/a><\/p>\n<p>Na v\u00fd\u0161e uveden\u00e9 str\u00e1nce jsou k dispozici v\u0161echny texty i grafick\u00e1 \u010d\u00e1st \u00dazemn\u00edho pl\u00e1nu a tak\u00e9 dal\u0161\u00ed podklady, kter\u00e9 slou\u017eily jako podklad ke stanoven\u00ed regulativ\u016f v\u00fdstavby. U p\u0159\u00edslu\u0161n\u00fdch odkaz\u016f na pdf-soubory je i stru\u010dn\u00fd n\u00e1vod, jak dokumentaci pou\u017e\u00edvat.<\/p>\n<p>Upozor\u0148ujeme, \u017ee informace \u00dazemn\u00edho pl\u00e1nu nenahrazuj\u00ed z\u00e1konn\u00e9 postupy dle p\u0159\u00edslu\u0161n\u00fdch paragraf\u016f Stavebn\u00edho z\u00e1kona v\u016f\u010di Stavebn\u00edmu \u00fa\u0159adu Rumburk.<\/p>\n<p><span style=\"color: red;\">Na tomto m\u00edst\u011b zve\u0159ej\u0148ujeme v\u0161echny materi\u00e1ly ke Zm\u011bn\u011b \u010d\u00edslo 1 \u00dazemn\u00edho pl\u00e1nu obce Doubice<\/span>:<\/p>\n<p>Ozn\u00e1men\u00ed spole\u010dn\u00e9ho projedn\u00e1n\u00ed konan\u00e9ho dne 11. \u00fanora 2013 na M\u011bstk\u00e9m \u00fa\u0159ad\u011b Rumburk &#8211; <a href=\"http:\/\/oudoubice.cz\/wp-content\/uploads\/2015\/07\/oznameni_o_spolecnem_projednani_zmena_c_1_UP_Doubice.pdf\">zde<\/a>.<\/p>\n<p>Hlavn\u00ed v\u00fdkres &#8211; Zm\u011bna \u010d. 1 &#8211; \u00daP Doubice &#8211; <a href=\"http:\/\/oudoubice.cz\/wp-content\/uploads\/2015\/07\/UP_Doubice_zmena_1_hlavni_vykres.pdf\">zde<\/a>.<\/p>\n<p>Koordina\u010dn\u00ed v\u00fdkres &#8211; Zm\u011bna \u010d. 1 \u00daP Doubice &#8211; <a href=\"http:\/\/www.address.cz\/data\/www.address.cz\/oudoubice\/files\/UP_Doubice_zmena_1_koordinacni_vykres.pdf\" target=\"_blank\" rel=\"noopener noreferrer\">zde<\/a>.<\/p>\n<p>Od\u016fvodn\u011bn\u00ed &#8211; Zm\u011bna \u010d. 1 \u00daP Doubice &#8211; <a href=\"http:\/\/oudoubice.cz\/wp-content\/uploads\/2015\/07\/UP_Doubice_zmena_1_predpoklad_zabory_pudni_fond.pdf\">zde<\/a>.<\/p>\n<p>P\u0159edpokl\u00e1dan\u00e9 z\u00e1bory p\u016fdn\u00edho fondu &#8211; Zm\u011bna \u010d. 1 \u00daP Doubice &#8211; <a href=\"http:\/\/www.address.cz\/data\/www.address.cz\/oudoubice\/files\/UP_Doubice_zmena_1_predpoklad_zabory_pudni_fond.pdf\" target=\"_blank\" rel=\"noopener noreferrer\">zde<\/a>.<\/p>\n<p>Z\u00e1kladn\u00ed \u010dlen\u011bn\u00ed \u00fazem\u00ed &#8211; Zm\u011bna \u010d. 1 &#8211; \u00daP Doubice &#8211; <a href=\"http:\/\/oudoubice.cz\/wp-content\/uploads\/2015\/07\/UP_Doubice_zmena_1_zakladni_cleneni_uzemi.pdf\">zde<\/a>.<\/p>\n<p>Textov\u00e1 \u010d\u00e1st &#8211; Zm\u011bna \u010d. 1 &#8211; \u00daP Doubice &#8211; <a href=\"http:\/\/oudoubice.cz\/wp-content\/uploads\/2015\/07\/UP_Doubice_zmena_1_textova_cast_navrh.pdf\">zde<\/a>.<\/p>\n","protected":false},"excerpt":{"rendered":"<p>\u00dazemn\u00ed pl\u00e1n byl schv\u00e1len formou opat\u0159en\u00ed obecn\u00e9 povahy usnesen\u00edm Zastupitelstva obce Doubice \u010d.4 ze dne 27.10.2008. \u00dazemn\u00ed pl\u00e1n si m\u016f\u017eete prohl\u00e9dnout v \u010distopise na Obecn\u00edm \u00fa\u0159ad\u011b Doubice anebo si m\u016f\u017eete pot\u0159ebnou dokumentaci st\u00e1hnout z webov\u00e9 str\u00e1nky zde z odkazu. Na v\u00fd\u0161e uveden\u00e9 str\u00e1nce jsou k dispozici v\u0161echny texty i grafick\u00e1 \u010d\u00e1st \u00dazemn\u00edho pl\u00e1nu a tak\u00e9 [&hellip;]<\/p>\n","protected":false},"author":1,"featured_media":0,"parent":0,"menu_order":0,"comment_status":"open","ping_status":"open","template":"","meta":{"_mi_skip_tracking":false,"_monsterinsights_sitenote_active":false,"_monsterinsights_sitenote_note":"","_monsterinsights_sitenote_category":0},"_links":{"self":[{"href":"https:\/\/oudoubice.cz\/index.php\/wp-json\/wp\/v2\/pages\/288"}],"collection":[{"href":"https:\/\/oudoubice.cz\/index.php\/wp-json\/wp\/v2\/pages"}],"about":[{"href":"https:\/\/oudoubice.cz\/index.php\/wp-json\/wp\/v2\/types\/page"}],"author":[{"embeddable":true,"href":"https:\/\/oudoubice.cz\/index.php\/wp-json\/wp\/v2\/users\/1"}],"replies":[{"embeddable":true,"href":"https:\/\/oudoubice.cz\/index.php\/wp-json\/wp\/v2\/comments?post=288"}],"version-history":[{"count":7,"href":"https:\/\/oudoubice.cz\/index.php\/wp-json\/wp\/v2\/pages\/288\/revisions"}],"predecessor-version":[{"id":4558,"href":"https:\/\/oudoubice.cz\/index.php\/wp-json\/wp\/v2\/pages\/288\/revisions\/4558"}],"wp:attachment":[{"href":"https:\/\/oudoubice.cz\/index.php\/wp-json\/wp\/v2\/media?parent=288"}],"curies":[{"name":"wp","href":"https:\/\/api.w.org\/{rel}","templated":true}]}}