{"id":290,"date":"2015-07-03T08:33:18","date_gmt":"2015-07-03T07:33:18","guid":{"rendered":"http:\/\/jirivetvicka.cz\/?page_id=290"},"modified":"2021-11-10T16:13:04","modified_gmt":"2021-11-10T15:13:04","slug":"zastupitelstvo","status":"publish","type":"page","link":"https:\/\/oudoubice.cz\/index.php\/zastupitelstvo\/","title":{"rendered":"Zastupitelstvo"},"content":{"rendered":"<p><strong>pan\u00ed Jana Fuksov\u00e1 &#8211; p\u0159edsedkyn\u011b kontroln\u00edho v\u00fdboru<\/strong><\/p>\n<p><strong>pan Ji\u0159\u00ed \u010cern\u00fd &#8211; \u010dlen kontroln\u00edho v\u00fdboru<br \/>\n<\/strong><\/p>\n<p><strong>pan Ing. Jan Drozd &#8211; starosta<br \/>\n<\/strong><\/p>\n<p><strong>pan B\u0159etislav Jemelka &#8211; m\u00edstostarosta<\/strong><\/p>\n<p><strong>pan Filip Mol\u010dan &#8211; \u010dlen finan\u010dn\u00edho v\u00fdboru<\/strong><\/p>\n<p><strong>pan Jaroslav Navara &#8211; \u010dlen kontroln\u00edho v\u00fdboru<\/strong><\/p>\n<p><strong>pan Ing. Pavel Ne\u010d\u00e1sek &#8211; p\u0159edseda finan\u010dn\u00edho v\u00fdboru<\/strong><\/p>\n","protected":false},"excerpt":{"rendered":"<p>pan\u00ed Jana Fuksov\u00e1 &#8211; p\u0159edsedkyn\u011b kontroln\u00edho v\u00fdboru pan Ji\u0159\u00ed \u010cern\u00fd &#8211; \u010dlen kontroln\u00edho v\u00fdboru pan Ing. Jan Drozd &#8211; starosta pan B\u0159etislav Jemelka &#8211; m\u00edstostarosta pan Filip Mol\u010dan &#8211; \u010dlen finan\u010dn\u00edho v\u00fdboru pan Jaroslav Navara &#8211; \u010dlen kontroln\u00edho v\u00fdboru pan Ing. Pavel Ne\u010d\u00e1sek &#8211; p\u0159edseda finan\u010dn\u00edho v\u00fdboru<\/p>\n","protected":false},"author":1,"featured_media":0,"parent":0,"menu_order":0,"comment_status":"open","ping_status":"open","template":"","meta":{"_mi_skip_tracking":false,"_monsterinsights_sitenote_active":false,"_monsterinsights_sitenote_note":"","_monsterinsights_sitenote_category":0},"_links":{"self":[{"href":"https:\/\/oudoubice.cz\/index.php\/wp-json\/wp\/v2\/pages\/290"}],"collection":[{"href":"https:\/\/oudoubice.cz\/index.php\/wp-json\/wp\/v2\/pages"}],"about":[{"href":"https:\/\/oudoubice.cz\/index.php\/wp-json\/wp\/v2\/types\/page"}],"author":[{"embeddable":true,"href":"https:\/\/oudoubice.cz\/index.php\/wp-json\/wp\/v2\/users\/1"}],"replies":[{"embeddable":true,"href":"https:\/\/oudoubice.cz\/index.php\/wp-json\/wp\/v2\/comments?post=290"}],"version-history":[{"count":6,"href":"https:\/\/oudoubice.cz\/index.php\/wp-json\/wp\/v2\/pages\/290\/revisions"}],"predecessor-version":[{"id":5557,"href":"https:\/\/oudoubice.cz\/index.php\/wp-json\/wp\/v2\/pages\/290\/revisions\/5557"}],"wp:attachment":[{"href":"https:\/\/oudoubice.cz\/index.php\/wp-json\/wp\/v2\/media?parent=290"}],"curies":[{"name":"wp","href":"https:\/\/api.w.org\/{rel}","templated":true}]}}