{"id":2911,"date":"2018-06-08T12:50:14","date_gmt":"2018-06-08T11:50:14","guid":{"rendered":"http:\/\/oudoubice.cz\/?page_id=2911"},"modified":"2025-11-24T15:12:29","modified_gmt":"2025-11-24T14:12:29","slug":"rozbory-vody","status":"publish","type":"page","link":"https:\/\/oudoubice.cz\/index.php\/vodovod-obecne-informace\/rozbory-vody\/","title":{"rendered":"Rozbory vody"},"content":{"rendered":"<p><strong>2025<\/strong><\/p>\n<p><a href=\"https:\/\/oudoubice.cz\/wp-content\/uploads\/2025\/11\/P2025_1736.pdf\">Rozbor pitn\u00e9 vody ze dne 18.11.2025 vodojem Spravedlnost<\/a><\/p>\n<p><a href=\"https:\/\/oudoubice.cz\/wp-content\/uploads\/2025\/11\/P2025_1737.pdf\">Rozbor pitn\u00e9 vody ze dne 18.11.2025 vodojem V\u00e1penka<\/a><\/p>\n<p><a href=\"https:\/\/oudoubice.cz\/wp-content\/uploads\/2025\/09\/P2025_1224.pdf\">Rozbor pitn\u00e9 vody ze dne 28.08.2025<\/a><\/p>\n<p><a href=\"https:\/\/oudoubice.cz\/wp-content\/uploads\/2025\/06\/P2025_753.pdf\">Rozbor pitn\u00e9 vody ze dne 26.05.2025<\/a> + <a href=\"https:\/\/oudoubice.cz\/wp-content\/uploads\/2025\/06\/P2025_665.pdf\">radiologick\u00fd rozbor<\/a><\/p>\n<p><a href=\"https:\/\/oudoubice.cz\/wp-content\/uploads\/2025\/05\/P2025_667.pdf\">Rozbor pitn\u00e9 vody ze dne 28.04.2025<\/a> + <a href=\"https:\/\/oudoubice.cz\/wp-content\/uploads\/2025\/05\/P2025_668.pdf\">opakovan\u00fd rozbor z 12.05.2025<\/a><\/p>\n<p><strong>2024<\/strong><\/p>\n<p><a href=\"https:\/\/oudoubice.cz\/wp-content\/uploads\/2024\/10\/P2024_1648.pdf\">Rozbor pitn\u00e9 vody ze dne 02.10.2024<\/a> + <a href=\"https:\/\/oudoubice.cz\/wp-content\/uploads\/2024\/10\/P2024_1649.pdf\">opakovan\u00fd rozbor z 08.10.2024<\/a><\/p>\n<p><a href=\"https:\/\/oudoubice.cz\/wp-content\/uploads\/2024\/09\/P2024_1415-VDJ-Spravedlnost-20240822.pdf\">Rozbor pitn\u00e9 vody ze dne 22.08.2024 vodojem Spravedlnost<\/a><\/p>\n<p><a href=\"https:\/\/oudoubice.cz\/wp-content\/uploads\/2024\/09\/P2024_1416-VDJ-Vapenka-20240822.pdf\">Rozbor pitn\u00e9 vody ze dne 22.08.2024 vodojem V\u00e1penka<\/a><\/p>\n<p><a href=\"https:\/\/oudoubice.cz\/wp-content\/uploads\/2024\/09\/P2024_1417-Doubice-144-20240822.pdf\">Rozbor pitn\u00e9 vody ze dne 22.08.2024<\/a><\/p>\n<p><a href=\"https:\/\/oudoubice.cz\/wp-content\/uploads\/2024\/07\/P2024_1107.pdf\">Rozbor pitn\u00e9 vody ze dne 24.06.2024 vodojem Spravedlnost<\/a><\/p>\n<p><a href=\"https:\/\/oudoubice.cz\/wp-content\/uploads\/2024\/07\/P2024_1108.pdf\">Rozbor pitn\u00e9 vody ze dne 24.06.2024 vodojem V\u00e1penka<\/a><\/p>\n<p><a href=\"https:\/\/oudoubice.cz\/wp-content\/uploads\/2024\/06\/P2024_941-1.pdf\">Rozbor pitn\u00e9 vody ze dne 27.05.2024<\/a> + <a href=\"https:\/\/oudoubice.cz\/wp-content\/uploads\/2024\/06\/Doubice-radio-P2024_596-1.pdf\">radiologick\u00fd rozbor<\/a><\/p>\n<p><a href=\"https:\/\/oudoubice.cz\/wp-content\/uploads\/2024\/06\/P2024_745-1.pdf\">Rozbor pitn\u00e9 vody ze dne 22.4.2024<\/a> + <a href=\"https:\/\/oudoubice.cz\/wp-content\/uploads\/2024\/06\/P2024_775.pdf\">opakovan\u00fd rozbor z 15.5.2024<\/a><\/p>\n<p><strong>2023<\/strong><\/p>\n<p><a href=\"https:\/\/oudoubice.cz\/wp-content\/uploads\/2023\/12\/P2023_1893.pdf\">Rozbor pitn\u00e9 vody ze dne 05.12.2023<\/a><\/p>\n<p><a href=\"https:\/\/oudoubice.cz\/wp-content\/uploads\/2023\/10\/P2023_1532.pdf\">Rozbor pitn\u00e9 vody ze dne 03.10.2023 vodojem V\u00e1penka<\/a><\/p>\n<p><a href=\"https:\/\/oudoubice.cz\/wp-content\/uploads\/2023\/10\/P2023_1531.pdf\">Rozbor pitn\u00e9 vody ze dne 03.10.2023 vodojem Spravedlnost<\/a><\/p>\n<p><a href=\"https:\/\/oudoubice.cz\/wp-content\/uploads\/2023\/09\/rozbor-22082023.pdf\">Rozbor pitn\u00e9 vody ze dne 22.08.2023<\/a><\/p>\n<p><a href=\"https:\/\/oudoubice.cz\/wp-content\/uploads\/2023\/08\/rozbor-24072023-VDJ-Spravedlnost-P2023_1225.pdf\">Rozbor pitn\u00e9 vody ze dne 24.07.2023 vodojem Spravedlnost<\/a> + <a href=\"https:\/\/oudoubice.cz\/wp-content\/uploads\/2023\/08\/rozbor-02082023-vDJ-spravednost-opakovany-P2023_1226.pdf\">opakovan\u00fd rozbor z 02.08.2023<\/a><\/p>\n<p><a href=\"https:\/\/oudoubice.cz\/wp-content\/uploads\/2023\/08\/rozbor-24072023-VDJ-vapenka-P2023_1224.pdf\">Rozbor pitn\u00e9 vody ze dne 24.07.2023 vodojem v\u00e1penka<\/a><\/p>\n<p><a href=\"https:\/\/oudoubice.cz\/wp-content\/uploads\/2023\/07\/rozbor-vody-ze-dne-29_05_2023_compressed.pdf\">Rozbor pitn\u00e9 vody ze dne 29.05.2023 + radilogick\u00fd rozbor<\/a><\/p>\n<p><a href=\"https:\/\/oudoubice.cz\/wp-content\/uploads\/2023\/05\/rozbor-vody-ze-dne-17_04_2023.pdf\">Rozbor pitn\u00e9 vody ze dne 17.04.2023<\/a><\/p>\n<p><strong>2022<\/strong><\/p>\n<p><a href=\"https:\/\/oudoubice.cz\/wp-content\/uploads\/2022\/12\/rozbor_vody_22112022web.pdf\">Rozbor pitn\u00e9 vody ze dne 22.11.2022<\/a><\/p>\n<p><a href=\"https:\/\/oudoubice.cz\/wp-content\/uploads\/2022\/10\/Rozbor-vody-06102022-VDJ-Vapenka.pdf\">Rozbor pitn\u00e9 vody ze dne 06.10.2022<\/a> &#8211; vodojem V\u00e1penka<\/p>\n<p><a href=\"https:\/\/oudoubice.cz\/wp-content\/uploads\/2022\/10\/Rozbor-vody-06102022-VDJ-Spravedlnost.pdf\">Rozbor pitn\u00e9 vody ze dne 06.10.2022<\/a> &#8211; vodojem Spravedlnost<\/p>\n<p><a href=\"https:\/\/oudoubice.cz\/wp-content\/uploads\/2022\/10\/rozbor-vody-06102022-sit.pdf\">Rozbor pitn\u00e9 vody ze dne 06.10.2022<\/a><\/p>\n<p><a href=\"https:\/\/oudoubice.cz\/wp-content\/uploads\/2022\/09\/rozbor-vody-25072022.pdf\">Rozbor pitne vody ze dne 25.07.2022<\/a><\/p>\n<p><a href=\"https:\/\/oudoubice.cz\/wp-content\/uploads\/2022\/08\/Rozbor-vody-30502022-a-opakovany-25072022web.pdf\">Rozbor pitn\u00e9 vody ze dne 30.05.2022<\/a> &#8211; vodojem spravedlnost + opakovan\u00fd<\/p>\n<p><a href=\"https:\/\/oudoubice.cz\/wp-content\/uploads\/2022\/08\/Rozbor-vody-30052022-VDJ-vapenka-web.pdf\">Rozbor pitn\u00e9 vody ze dne 30.05.2022<\/a> &#8211; vodojem V\u00e1penka<\/p>\n<p><a href=\"https:\/\/oudoubice.cz\/wp-content\/uploads\/2022\/05\/rozbor-vody-28032022.pdf\">Rozbor pitn\u00e9 vody ze dne 28.03.2022<\/a><\/p>\n<p><a href=\"https:\/\/oudoubice.cz\/wp-content\/uploads\/2022\/05\/rozbor-radiologicky-28032022.pdf\">Rozbor pitn\u00e9 vody ze dne 28.03.2022<\/a> &#8211; radiologick\u00fd rozbor<\/p>\n<p><strong>2021<\/strong><\/p>\n<p><a href=\"https:\/\/oudoubice.cz\/wp-content\/uploads\/2021\/12\/rozbor-vody-20211201-doubice-193.pdf\">Rozbor pitn\u00e9 vody ze dne 01.12.2021<\/a><\/p>\n<p><a href=\"https:\/\/oudoubice.cz\/wp-content\/uploads\/2021\/10\/rozbor-vody-20210922-VRT-surova-voda.pdf\">Rozbor surov\u00e9 vody ze dne 22.09.2021<\/a> &#8211; VRT<\/p>\n<p><a href=\"https:\/\/oudoubice.cz\/wp-content\/uploads\/2021\/10\/rozbor-vody-20210909-vodojem-Vapenka.pdf\">Rozbor pitn\u00e9 vody ze dne 09.09.2021<\/a> &#8211; vodojem V\u00e1penka<\/p>\n<p><a href=\"https:\/\/oudoubice.cz\/wp-content\/uploads\/2021\/10\/rozbor-vody-20210909-vodojem-Spravedlnost-a-opakovany-20210922.pdf\">Rozbor pitn\u00e9 vody ze dne 09.09.2021<\/a> &#8211; vodojem Spravedlnost + opakovan\u00fd<\/p>\n<p><a href=\"https:\/\/oudoubice.cz\/wp-content\/uploads\/2021\/09\/rozbor-vody-20210831-doubice-152.pdf\">Rozbor pitn\u00e9 vody ze dne 11.08.2021<\/a><\/p>\n<p><a href=\"http:\/\/oudoubice.cz\/wp-content\/uploads\/2021\/07\/rozbor-vody-20210714-vodojem-Spravedlnost-opakovany.pdf\">Rozbor pitn\u00e9 vody ze dne 14.07.2021<\/a> &#8211; vodojem Spravedlnost opakovan\u00fd<\/p>\n<p><a href=\"http:\/\/oudoubice.cz\/wp-content\/uploads\/2021\/07\/rozbor-vody-20210628-vodojem-Spravedlnost1.pdf\">Rozbor pitn\u00e9 vody ze dne 28.06.2021<\/a> &#8211; vodojem Spravedlnost<\/p>\n<p><a href=\"http:\/\/oudoubice.cz\/wp-content\/uploads\/2021\/07\/rozbor-vody-20210628-vodojem-Vapenka1.pdf\">Rozbor pitn\u00e9 vody ze dne 28.06.2021<\/a> &#8211; vodojem V\u00e1penka<\/p>\n<p><a href=\"http:\/\/oudoubice.cz\/wp-content\/uploads\/2021\/06\/rozbor-vody-20210531-doubice-50-uplny-rozbor.pdf\">Rozbor pitn\u00e9 vody ze dne 31.05.2021<\/a><\/p>\n<p><a href=\"http:\/\/oudoubice.cz\/wp-content\/uploads\/2021\/05\/rozbor-vody-20210329-doubice-50.pdf\">Rozbor pitn\u00e9 vody ze dne 29.03.2021\u00a0<\/a><\/p>\n<p><a href=\"http:\/\/oudoubice.cz\/wp-content\/uploads\/2021\/05\/rozbor-vody-20210329-radiologicky-rozbor.pdf\">Rozbor pitn\u00e9 vody ze dne 29.03.2021<\/a> &#8211; radiologick\u00fd rozbor<\/p>\n<p><strong>2020<\/strong><\/p>\n<p><a href=\"http:\/\/oudoubice.cz\/wp-content\/uploads\/2020\/11\/rozbor-vody-20201110-VDJ-Vapenka.pdf\">Rozbor pitn\u00e9 vody ze dne 10.11.2020<\/a> &#8211; vodojem V\u00e1penka<\/p>\n<p><a href=\"http:\/\/oudoubice.cz\/wp-content\/uploads\/2020\/11\/rozbor-vody-20201110-VDJ-Spravedlnost.pdf\">Rozbor pitn\u00e9 vody ze dne 10.11.2020<\/a> &#8211; vodojem Spravedlnost<\/p>\n<p><a href=\"http:\/\/oudoubice.cz\/wp-content\/uploads\/2020\/11\/rozbor-vody-20201110-Doubice-203.pdf\">Rozbor pitn\u00e9 vody ze dne 10.11.2020<\/a><\/p>\n<p><a href=\"http:\/\/oudoubice.cz\/wp-content\/uploads\/2020\/11\/rozbor-vody-20201020-radiologick\u00fd-rozbor.pdf\">Rozbor pitn\u00e9 vody ze dne 21.09.2020<\/a> &#8211; radiologick\u00fd rozbor<\/p>\n<p><a href=\"http:\/\/oudoubice.cz\/wp-content\/uploads\/2020\/11\/rozbor-vody-20201020-ou.pdf\">Rozbor pitn\u00e9 vody ze dne 21.09.2020<\/a><\/p>\n<p><a href=\"http:\/\/oudoubice.cz\/wp-content\/uploads\/2020\/09\/rozbor-vody-20202608-Doubice-144.pdf\">Rozbor pitn\u00e9 vody ze dne 26.08.2020<\/a><\/p>\n<p><a href=\"http:\/\/oudoubice.cz\/wp-content\/uploads\/2020\/07\/rozbor-vody-20200608-VDJ-Spravedlnost.pdf\">Rozbor pitn\u00e9 vody ze dne 08.06.2020<\/a> &#8211; vodojem Spravedlnost<\/p>\n<p><a href=\"http:\/\/oudoubice.cz\/wp-content\/uploads\/2020\/07\/rozbor-vody-20200608-VDJ-V\u00e1penka.pdf\">Rozbor pitn\u00e9 vody ze dne 08.06.2020<\/a> &#8211; vodojem V\u00e1penka<\/p>\n<p><a href=\"http:\/\/oudoubice.cz\/wp-content\/uploads\/2020\/06\/rozbor-vody-04-05-2020.pdf\">Rozbor pitn\u00e9 vody ze dne 04.05.2020<\/a><\/p>\n<p><strong>2019<\/strong><\/p>\n<p><a href=\"http:\/\/oudoubice.cz\/wp-content\/uploads\/2019\/11\/rozbor-vody-07-11-2019-VDJ-Spravedlnost.pdf\">Rozbor pitn\u00e9 vody ze dne 07.11.2019<\/a> &#8211; vodojem Spravedlnost<\/p>\n<p><a href=\"http:\/\/oudoubice.cz\/wp-content\/uploads\/2019\/11\/rozbor-vody-07-11-2019-VDJ-Vapenka.pdf\">Rozbor pitn\u00e9 vody ze dne 07.11.2019<\/a> &#8211; vodojem V\u00e1penka<\/p>\n<p><a href=\"http:\/\/oudoubice.cz\/wp-content\/uploads\/2019\/11\/rozbor-radiologicky-pitne-vody-21-10-2019.pdf\">Rozbor pitn\u00e9 vody ze dne 21.10.2019<\/a> &#8211; radiologick\u00fd rozbor<\/p>\n<p><a href=\"http:\/\/oudoubice.cz\/wp-content\/uploads\/2019\/11\/rozbor-vody-21-10-2019.pdf\">Rozbor pitn\u00e9 vody ze dne 21.10.2019<\/a><\/p>\n<p><a href=\"http:\/\/oudoubice.cz\/wp-content\/uploads\/2019\/10\/rozbor-vody-26-09-2019.pdf\">Rozbor pitn\u00e9 vody ze dne 26.09.2019<\/a><\/p>\n<p><a href=\"http:\/\/oudoubice.cz\/wp-content\/uploads\/2019\/09\/rozbor-vody-26-08-2019-VDJ-Spravedlnost.pdf\">Rozbor pitn\u00e9 vody ze dne 26.08.2019 &#8211; vodojem Spravedlnost<\/a><\/p>\n<p><a href=\"http:\/\/oudoubice.cz\/wp-content\/uploads\/2019\/09\/rozbor-vody-26-08-2019-VDJ-Vapenka.pdf\">Rozbor pitn\u00e9 vody ze dne 26.08.2019 &#8211; vodojem V\u00e1penka<\/a><\/p>\n<p><a href=\"http:\/\/oudoubice.cz\/wp-content\/uploads\/2019\/08\/rozbor-vody-15-07-2019.pdf\">Rozbor pitn\u00e9 vody ze dne 15.07.2019<\/a><\/p>\n<p><a href=\"http:\/\/oudoubice.cz\/wp-content\/uploads\/2019\/03\/rozbor-vody-25-03-2019.pdf\">Rozbor pitn\u00e9 vody ze dne 25.03.2019<\/a><\/p>\n<p><strong>2018<\/strong><\/p>\n<p><a href=\"http:\/\/oudoubice.cz\/wp-content\/uploads\/2018\/06\/rozbor-pitne-vody-21-03-2018-Doubice.pdf\">Rozbor pitn\u00e9 vody ze dne 21.03.2018<\/a><\/p>\n<p><a href=\"http:\/\/oudoubice.cz\/wp-content\/uploads\/2018\/06\/rozbor-pitne-vody-23-05-2018-Doubice.pdf\">Rozbor pitn\u00e9 vody ze dne 23.05.2018<\/a><\/p>\n<p><a href=\"http:\/\/oudoubice.cz\/wp-content\/uploads\/2018\/07\/rozbor-pitne-vody-11-06-2018-VDJ-Spravedlnost-Doubice.pdf\">Rozbor pitn\u00e9 vody ze dne 11.06.2018<\/a> &#8211; vodojem Spravedlnost<\/p>\n<p><a href=\"http:\/\/oudoubice.cz\/wp-content\/uploads\/2018\/07\/rozbor-pitne-vody-11-06-2018-VDJ-Vapenka-Doubice.pdf\">Rozbor pitn\u00e9 vody ze dne 11.06.2018<\/a> &#8211; vodojem V\u00e1penka<\/p>\n<p><a href=\"http:\/\/oudoubice.cz\/wp-content\/uploads\/2018\/08\/rozbor-pitne-vody-16-07-2018-Doubice.pdf\">Rozbor pitn\u00e9 vody ze dne 16.07.2018<\/a><\/p>\n<p><a href=\"http:\/\/oudoubice.cz\/wp-content\/uploads\/2018\/09\/rozbor-pitne-vody-21-08-2018-VDJ-Spravedlnost-Doubice.pdf\">Rozbor pitn\u00e9 vody ze dne 21.08.2018<\/a> &#8211; vodojem Spravedlnost<\/p>\n<p><a href=\"http:\/\/oudoubice.cz\/wp-content\/uploads\/2018\/09\/rozbor-pitne-vody-21-08-2018-VDJ-Vapenka-Doubice.pdf\">Rozbor pitn\u00e9 vody ze dne 21.08.2018<\/a> &#8211; vodojem V\u00e1penka<\/p>\n<p><a href=\"http:\/\/oudoubice.cz\/wp-content\/uploads\/2018\/12\/rozbor-pitne-vody-15-10-2018-Doubice.pdf\">Rozbor pitn\u00e9 vody ze dne 15.10.2018<\/a><\/p>\n<p><a href=\"http:\/\/oudoubice.cz\/wp-content\/uploads\/2018\/12\/rozbor-radiologicky-pitne-vody-15-10-2018-Doubice.pdf\">Rozbor pitn\u00e9 vody ze dne 15.10.2018<\/a> &#8211; radiologick\u00fd rozbor<\/p>\n<p><a href=\"http:\/\/oudoubice.cz\/wp-content\/uploads\/2018\/12\/rozbor-pitne-vody-20-11-2018-Doubice.pdf\">Rozbor pitn\u00e9 vody ze dne 20.11.2018<\/a><\/p>\n","protected":false},"excerpt":{"rendered":"<p>2025 Rozbor pitn\u00e9 vody ze dne 18.11.2025 vodojem Spravedlnost Rozbor pitn\u00e9 vody ze dne 18.11.2025 vodojem V\u00e1penka Rozbor pitn\u00e9 vody ze dne 28.08.2025 Rozbor pitn\u00e9 vody ze dne 26.05.2025 + radiologick\u00fd rozbor Rozbor pitn\u00e9 vody ze dne 28.04.2025 + opakovan\u00fd rozbor z 12.05.2025 2024 Rozbor pitn\u00e9 vody ze dne 02.10.2024 + opakovan\u00fd rozbor z 08.10.2024 [&hellip;]<\/p>\n","protected":false},"author":1,"featured_media":0,"parent":2901,"menu_order":0,"comment_status":"closed","ping_status":"closed","template":"","meta":{"_mi_skip_tracking":false,"_monsterinsights_sitenote_active":false,"_monsterinsights_sitenote_note":"","_monsterinsights_sitenote_category":0},"_links":{"self":[{"href":"https:\/\/oudoubice.cz\/index.php\/wp-json\/wp\/v2\/pages\/2911"}],"collection":[{"href":"https:\/\/oudoubice.cz\/index.php\/wp-json\/wp\/v2\/pages"}],"about":[{"href":"https:\/\/oudoubice.cz\/index.php\/wp-json\/wp\/v2\/types\/page"}],"author":[{"embeddable":true,"href":"https:\/\/oudoubice.cz\/index.php\/wp-json\/wp\/v2\/users\/1"}],"replies":[{"embeddable":true,"href":"https:\/\/oudoubice.cz\/index.php\/wp-json\/wp\/v2\/comments?post=2911"}],"version-history":[{"count":92,"href":"https:\/\/oudoubice.cz\/index.php\/wp-json\/wp\/v2\/pages\/2911\/revisions"}],"predecessor-version":[{"id":8476,"href":"https:\/\/oudoubice.cz\/index.php\/wp-json\/wp\/v2\/pages\/2911\/revisions\/8476"}],"up":[{"embeddable":true,"href":"https:\/\/oudoubice.cz\/index.php\/wp-json\/wp\/v2\/pages\/2901"}],"wp:attachment":[{"href":"https:\/\/oudoubice.cz\/index.php\/wp-json\/wp\/v2\/media?parent=2911"}],"curies":[{"name":"wp","href":"https:\/\/api.w.org\/{rel}","templated":true}]}}