{"id":2915,"date":"2018-06-08T13:04:21","date_gmt":"2018-06-08T12:04:21","guid":{"rendered":"http:\/\/oudoubice.cz\/?page_id=2915"},"modified":"2018-06-18T15:31:53","modified_gmt":"2018-06-18T14:31:53","slug":"dokumenty","status":"publish","type":"page","link":"https:\/\/oudoubice.cz\/index.php\/vodovod-obecne-informace\/dokumenty\/","title":{"rendered":"Dokumenty"},"content":{"rendered":"<p><a href=\"http:\/\/oudoubice.cz\/wp-content\/uploads\/2018\/06\/smlouva-o-dod\u00e1vce-vody-Doubice-vzor.pdf\">Vzor smlouvy o dod\u00e1vce pitn\u00e9 vody<\/a><\/p>\n<p><a href=\"http:\/\/oudoubice.cz\/wp-content\/uploads\/2018\/06\/smlouva-o-dod\u00e1vce-vody-Doubice_obchodni-podminky-1.pdf\">Obchodn\u00ed podm\u00ednky &#8211; p\u0159\u00edloha ke smlouv\u011b<\/a><\/p>\n","protected":false},"excerpt":{"rendered":"<p>Vzor smlouvy o dod\u00e1vce pitn\u00e9 vody Obchodn\u00ed podm\u00ednky &#8211; p\u0159\u00edloha ke smlouv\u011b<\/p>\n","protected":false},"author":1,"featured_media":0,"parent":2901,"menu_order":0,"comment_status":"closed","ping_status":"closed","template":"","meta":{"_mi_skip_tracking":false,"_monsterinsights_sitenote_active":false,"_monsterinsights_sitenote_note":"","_monsterinsights_sitenote_category":0},"_links":{"self":[{"href":"https:\/\/oudoubice.cz\/index.php\/wp-json\/wp\/v2\/pages\/2915"}],"collection":[{"href":"https:\/\/oudoubice.cz\/index.php\/wp-json\/wp\/v2\/pages"}],"about":[{"href":"https:\/\/oudoubice.cz\/index.php\/wp-json\/wp\/v2\/types\/page"}],"author":[{"embeddable":true,"href":"https:\/\/oudoubice.cz\/index.php\/wp-json\/wp\/v2\/users\/1"}],"replies":[{"embeddable":true,"href":"https:\/\/oudoubice.cz\/index.php\/wp-json\/wp\/v2\/comments?post=2915"}],"version-history":[{"count":2,"href":"https:\/\/oudoubice.cz\/index.php\/wp-json\/wp\/v2\/pages\/2915\/revisions"}],"predecessor-version":[{"id":2963,"href":"https:\/\/oudoubice.cz\/index.php\/wp-json\/wp\/v2\/pages\/2915\/revisions\/2963"}],"up":[{"embeddable":true,"href":"https:\/\/oudoubice.cz\/index.php\/wp-json\/wp\/v2\/pages\/2901"}],"wp:attachment":[{"href":"https:\/\/oudoubice.cz\/index.php\/wp-json\/wp\/v2\/media?parent=2915"}],"curies":[{"name":"wp","href":"https:\/\/api.w.org\/{rel}","templated":true}]}}