{"id":2918,"date":"2018-06-08T13:09:25","date_gmt":"2018-06-08T12:09:25","guid":{"rendered":"http:\/\/oudoubice.cz\/?page_id=2918"},"modified":"2018-06-13T12:30:23","modified_gmt":"2018-06-13T11:30:23","slug":"gdpr","status":"publish","type":"page","link":"https:\/\/oudoubice.cz\/index.php\/town-history\/gdpr\/","title":{"rendered":"GDPR"},"content":{"rendered":"<p>Dne 25. kv\u011btna 2018\u00a0nabylo \u00fa\u010dinnosti\u00a0Na\u0159\u00edzen\u00ed Evropsk\u00e9ho Parlamentu a Rady EU \u010d\u00edslo\u00a02016\/679 ze dne 27. dubna 2016 o ochran\u011b fyzick\u00fdch osob v souvislosti se zpracov\u00e1n\u00edm osobn\u00edch \u00fadaj\u016f a o voln\u00e9m pohybu t\u011bchto \u00fadaj\u016f a o zru\u0161en\u00ed sm\u011brnice 95\/46\/ES (obecn\u00e9 na\u0159\u00edzen\u00ed o ochran\u011b osobn\u00edch \u00fadaj\u016f) &#8211; d\u00e1le jen &#8222;GDPR&#8220; (General Data Protection Regulation).<\/p>\n<p>N\u00ed\u017ee naleznete informace o zpracov\u00e1n\u00ed osobn\u00edch \u00fadaj\u016f\u00a0obc\u00ed Doubice a obecn\u00edm \u00fa\u0159adem Doubice, postup p\u0159i v\u00fdkonu pr\u00e1v subjektu \u00fadaj\u016f a dal\u0161\u00ed souvisej\u00edc\u00ed informace a dokumenty.<\/p>\n<p><a href=\"http:\/\/oudoubice.cz\/wp-content\/uploads\/2018\/06\/prava-pouceni-1-1.pdf\">Pou\u010den\u00ed o pr\u00e1vech<\/a><\/p>\n<p><a href=\"http:\/\/oudoubice.cz\/wp-content\/uploads\/2018\/05\/hl_pap_ou-Doubice-zverejneni-poverence-na-UD-GDPR-05-2018.pdf\">Kontaktn\u00ed \u00fadaje na pov\u011b\u0159ence GDPR<\/a><\/p>\n<p><a href=\"http:\/\/oudoubice.cz\/wp-content\/uploads\/2018\/06\/Informace_obyvatele_a_sml_partnery_obec_Doubice.pdf\">Informace pro obyvatele a smluvn\u00ed partnery obce Doubice<\/a><\/p>\n<p><a href=\"http:\/\/oudoubice.cz\/wp-content\/uploads\/2018\/06\/Informace_spravni_rizeni_obec_Doubice.pdf\">Informace pro \u00fa\u010dastn\u00edky spr\u00e1vn\u00edch \u0159\u00edzen\u00ed veden\u00fdch obecn\u00edm \u00fa\u0159adem Doubice a osoby dot\u010den\u00e9<\/a><\/p>\n<p><a href=\"http:\/\/oudoubice.cz\/wp-content\/uploads\/2018\/06\/Zadost_vykon_prav_Doubice_GDPR.docx\">\u017d\u00e1dost o v\u00fdkon pr\u00e1v subjektu \u00fadaj\u016f<\/a><\/p>\n","protected":false},"excerpt":{"rendered":"<p>Dne 25. kv\u011btna 2018\u00a0nabylo \u00fa\u010dinnosti\u00a0Na\u0159\u00edzen\u00ed Evropsk\u00e9ho Parlamentu a Rady EU \u010d\u00edslo\u00a02016\/679 ze dne 27. dubna 2016 o ochran\u011b fyzick\u00fdch osob v souvislosti se zpracov\u00e1n\u00edm osobn\u00edch \u00fadaj\u016f a o voln\u00e9m pohybu t\u011bchto \u00fadaj\u016f a o zru\u0161en\u00ed sm\u011brnice 95\/46\/ES (obecn\u00e9 na\u0159\u00edzen\u00ed o ochran\u011b osobn\u00edch \u00fadaj\u016f) &#8211; d\u00e1le jen &#8222;GDPR&#8220; (General Data Protection Regulation). N\u00ed\u017ee naleznete informace o [&hellip;]<\/p>\n","protected":false},"author":1,"featured_media":0,"parent":211,"menu_order":0,"comment_status":"closed","ping_status":"closed","template":"","meta":{"_mi_skip_tracking":false,"_monsterinsights_sitenote_active":false,"_monsterinsights_sitenote_note":"","_monsterinsights_sitenote_category":0},"_links":{"self":[{"href":"https:\/\/oudoubice.cz\/index.php\/wp-json\/wp\/v2\/pages\/2918"}],"collection":[{"href":"https:\/\/oudoubice.cz\/index.php\/wp-json\/wp\/v2\/pages"}],"about":[{"href":"https:\/\/oudoubice.cz\/index.php\/wp-json\/wp\/v2\/types\/page"}],"author":[{"embeddable":true,"href":"https:\/\/oudoubice.cz\/index.php\/wp-json\/wp\/v2\/users\/1"}],"replies":[{"embeddable":true,"href":"https:\/\/oudoubice.cz\/index.php\/wp-json\/wp\/v2\/comments?post=2918"}],"version-history":[{"count":4,"href":"https:\/\/oudoubice.cz\/index.php\/wp-json\/wp\/v2\/pages\/2918\/revisions"}],"predecessor-version":[{"id":2943,"href":"https:\/\/oudoubice.cz\/index.php\/wp-json\/wp\/v2\/pages\/2918\/revisions\/2943"}],"up":[{"embeddable":true,"href":"https:\/\/oudoubice.cz\/index.php\/wp-json\/wp\/v2\/pages\/211"}],"wp:attachment":[{"href":"https:\/\/oudoubice.cz\/index.php\/wp-json\/wp\/v2\/media?parent=2918"}],"curies":[{"name":"wp","href":"https:\/\/api.w.org\/{rel}","templated":true}]}}