{"id":292,"date":"2015-07-03T08:33:36","date_gmt":"2015-07-03T07:33:36","guid":{"rendered":"http:\/\/jirivetvicka.cz\/?page_id=292"},"modified":"2020-01-19T15:59:32","modified_gmt":"2020-01-19T14:59:32","slug":"knihovna","status":"publish","type":"page","link":"https:\/\/oudoubice.cz\/index.php\/town-history\/knihovna\/","title":{"rendered":"Knihovna"},"content":{"rendered":"<p><strong>Obecn\u00ed Knihovna Doubice<\/strong><\/p>\n<p>je um\u00edst\u011bna v budov\u011b obecn\u00edho \u00fa\u0159adu Doubice \u010d.p.50. Knihovnic\u00ed je pan\u00ed Irena \u010capkov\u00e1. Otev\u00edrac\u00ed doba: st\u0159eda 13:00 a\u017e 14:30.<\/p>\n<p><a href=\"https:\/\/decin.tritius.cz\/library\/skat\/\">ON &#8211; LINE Katalog<\/a> &#8211; v tomto katalogu naleznete kni\u017en\u00ed fond knihoven \u0160luknovsk\u00e9ho v\u00fdb\u011b\u017eku a M\u011bstsk\u00e9 knihovny D\u011b\u010d\u00edn.<\/p>\n<p>Doubick\u00e1 knihovna m\u00e1 Signaturu DO (Doubice) a tak\u00e9 S DO (V\u00fdm\u011bnn\u00fd fond Doubice) a Lokace je &#8222;Doubice&#8220;. V kombinovan\u00e9m vyhled\u00e1v\u00e1n\u00ed v on-line katalogu si m\u00edsto n\u00e1zvu zvolte nap\u0159\u00edklad &#8222;Signatura&#8220; a vedle v pol\u00ed\u010dku zadejte &#8222;DO&#8220; a najdou se V\u00e1m knihy, kter\u00e9 jsou v doubick\u00e9 knihovn\u011b. Budou tam kn\u00ed\u017eky od roku 1996, kdy se knihy za\u010daly katalogizovat p\u0159es po\u010d\u00edta\u010dov\u00fd program. Star\u0161\u00ed tituly doubick\u00e9 knihovny zde bohu\u017eel nenajdete.<\/p>\n<p><strong>Bezplatn\u00e1 miniknihovni\u010dka Doubice<\/strong><\/p>\n<p>je um\u00edst\u011bna v autobusov\u00e9 zast\u00e1vce u b\u00fdval\u00e9 po\u0161ty (zast\u00e1vka obecn\u00ed \u00fa\u0159ad). Knihy k zap\u016fj\u010den\u00ed zdarma. Do provozu byla uvedena\u00a030.03. 2017.<\/p>\n<p><img loading=\"lazy\" class=\"alignnone size-medium wp-image-1708\" src=\"http:\/\/oudoubice.cz\/wp-content\/uploads\/2017\/03\/Zast\u00e1vka-miniknihovni\u010dka-300x169.jpg\" alt=\"\" width=\"300\" height=\"169\" srcset=\"https:\/\/oudoubice.cz\/wp-content\/uploads\/2017\/03\/Zast\u00e1vka-miniknihovni\u010dka-300x169.jpg 300w, https:\/\/oudoubice.cz\/wp-content\/uploads\/2017\/03\/Zast\u00e1vka-miniknihovni\u010dka-768x432.jpg 768w, https:\/\/oudoubice.cz\/wp-content\/uploads\/2017\/03\/Zast\u00e1vka-miniknihovni\u010dka-1024x576.jpg 1024w\" sizes=\"(max-width: 300px) 100vw, 300px\" \/><\/p>\n","protected":false},"excerpt":{"rendered":"<p>Obecn\u00ed Knihovna Doubice je um\u00edst\u011bna v budov\u011b obecn\u00edho \u00fa\u0159adu Doubice \u010d.p.50. Knihovnic\u00ed je pan\u00ed Irena \u010capkov\u00e1. Otev\u00edrac\u00ed doba: st\u0159eda 13:00 a\u017e 14:30. ON &#8211; LINE Katalog &#8211; v tomto katalogu naleznete kni\u017en\u00ed fond knihoven \u0160luknovsk\u00e9ho v\u00fdb\u011b\u017eku a M\u011bstsk\u00e9 knihovny D\u011b\u010d\u00edn. Doubick\u00e1 knihovna m\u00e1 Signaturu DO (Doubice) a tak\u00e9 S DO (V\u00fdm\u011bnn\u00fd fond Doubice) a Lokace [&hellip;]<\/p>\n","protected":false},"author":1,"featured_media":0,"parent":211,"menu_order":0,"comment_status":"open","ping_status":"open","template":"","meta":{"_mi_skip_tracking":false,"_monsterinsights_sitenote_active":false,"_monsterinsights_sitenote_note":"","_monsterinsights_sitenote_category":0},"_links":{"self":[{"href":"https:\/\/oudoubice.cz\/index.php\/wp-json\/wp\/v2\/pages\/292"}],"collection":[{"href":"https:\/\/oudoubice.cz\/index.php\/wp-json\/wp\/v2\/pages"}],"about":[{"href":"https:\/\/oudoubice.cz\/index.php\/wp-json\/wp\/v2\/types\/page"}],"author":[{"embeddable":true,"href":"https:\/\/oudoubice.cz\/index.php\/wp-json\/wp\/v2\/users\/1"}],"replies":[{"embeddable":true,"href":"https:\/\/oudoubice.cz\/index.php\/wp-json\/wp\/v2\/comments?post=292"}],"version-history":[{"count":5,"href":"https:\/\/oudoubice.cz\/index.php\/wp-json\/wp\/v2\/pages\/292\/revisions"}],"predecessor-version":[{"id":4222,"href":"https:\/\/oudoubice.cz\/index.php\/wp-json\/wp\/v2\/pages\/292\/revisions\/4222"}],"up":[{"embeddable":true,"href":"https:\/\/oudoubice.cz\/index.php\/wp-json\/wp\/v2\/pages\/211"}],"wp:attachment":[{"href":"https:\/\/oudoubice.cz\/index.php\/wp-json\/wp\/v2\/media?parent=292"}],"curies":[{"name":"wp","href":"https:\/\/api.w.org\/{rel}","templated":true}]}}