{"id":2921,"date":"2018-06-08T13:17:47","date_gmt":"2018-06-08T12:17:47","guid":{"rendered":"http:\/\/oudoubice.cz\/?page_id=2921"},"modified":"2024-12-08T19:51:38","modified_gmt":"2024-12-08T18:51:38","slug":"newslettery","status":"publish","type":"page","link":"https:\/\/oudoubice.cz\/index.php\/newslettery\/","title":{"rendered":"Newslettery"},"content":{"rendered":"<p>Obyvatel\u00e9 obce Doubice dost\u00e1vaj\u00ed informace o d\u011bn\u00ed v obci a okol\u00ed do sv\u00fdch mejlov\u00fdch schr\u00e1nek prost\u0159ednictv\u00edm newsletter\u016f vyd\u00e1van\u00fdch obc\u00ed Doubice.<\/p>\n<p>Zde jsou k nahl\u00e9dnut\u00ed dosud vydan\u00e9 &#8222;<strong><em>Informace z Doubice<\/em><\/strong>&#8222;:<\/p>\n<p><a href=\"https:\/\/obecdoubice.ecomailapp.cz\/campaigns\/render\/235\/2a892389111555632deea7b477027861\">213<\/a>, <a href=\"https:\/\/obecdoubice.ecomailapp.cz\/campaigns\/render\/234\/c12d90740760009f394aa552b00e67f7\">212<\/a>, <a href=\"https:\/\/obecdoubice.ecomailapp.cz\/campaigns\/render\/233\/5cccfba2afe29cf1fcb46af85162c0d0\">211<\/a>, <a href=\"https:\/\/obecdoubice.ecomailapp.cz\/campaigns\/render\/232\/88b3ae1033efee427c4f01ac54e7bcef\">210<\/a>, <a href=\"https:\/\/obecdoubice.ecomailapp.cz\/campaigns\/render\/231\/718ef2cfc1ed9bd9e22fd6d0bbb74618\">209<\/a>,&#8230;<\/p>\n<p><img loading=\"lazy\" class=\" wp-image-2931 aligncenter\" src=\"http:\/\/oudoubice.cz\/wp-content\/uploads\/2018\/06\/informace-z-doubice.png\" alt=\"\" width=\"501\" height=\"299\" srcset=\"https:\/\/oudoubice.cz\/wp-content\/uploads\/2018\/06\/informace-z-doubice.png 431w, https:\/\/oudoubice.cz\/wp-content\/uploads\/2018\/06\/informace-z-doubice-300x179.png 300w\" sizes=\"(max-width: 501px) 100vw, 501px\" \/><\/p>\n","protected":false},"excerpt":{"rendered":"<p>Obyvatel\u00e9 obce Doubice dost\u00e1vaj\u00ed informace o d\u011bn\u00ed v obci a okol\u00ed do sv\u00fdch mejlov\u00fdch schr\u00e1nek prost\u0159ednictv\u00edm newsletter\u016f vyd\u00e1van\u00fdch obc\u00ed Doubice. Zde jsou k nahl\u00e9dnut\u00ed dosud vydan\u00e9 &#8222;Informace z Doubice&#8222;: 213, 212, 211, 210, 209,&#8230;<\/p>\n","protected":false},"author":1,"featured_media":0,"parent":0,"menu_order":0,"comment_status":"closed","ping_status":"closed","template":"","meta":{"_mi_skip_tracking":false,"_monsterinsights_sitenote_active":false,"_monsterinsights_sitenote_note":"","_monsterinsights_sitenote_category":0},"_links":{"self":[{"href":"https:\/\/oudoubice.cz\/index.php\/wp-json\/wp\/v2\/pages\/2921"}],"collection":[{"href":"https:\/\/oudoubice.cz\/index.php\/wp-json\/wp\/v2\/pages"}],"about":[{"href":"https:\/\/oudoubice.cz\/index.php\/wp-json\/wp\/v2\/types\/page"}],"author":[{"embeddable":true,"href":"https:\/\/oudoubice.cz\/index.php\/wp-json\/wp\/v2\/users\/1"}],"replies":[{"embeddable":true,"href":"https:\/\/oudoubice.cz\/index.php\/wp-json\/wp\/v2\/comments?post=2921"}],"version-history":[{"count":11,"href":"https:\/\/oudoubice.cz\/index.php\/wp-json\/wp\/v2\/pages\/2921\/revisions"}],"predecessor-version":[{"id":7841,"href":"https:\/\/oudoubice.cz\/index.php\/wp-json\/wp\/v2\/pages\/2921\/revisions\/7841"}],"wp:attachment":[{"href":"https:\/\/oudoubice.cz\/index.php\/wp-json\/wp\/v2\/media?parent=2921"}],"curies":[{"name":"wp","href":"https:\/\/api.w.org\/{rel}","templated":true}]}}