{"id":294,"date":"2015-07-03T08:34:03","date_gmt":"2015-07-03T07:34:03","guid":{"rendered":"http:\/\/jirivetvicka.cz\/?page_id=294"},"modified":"2018-01-11T16:03:15","modified_gmt":"2018-01-11T15:03:15","slug":"pro-turisty","status":"publish","type":"page","link":"https:\/\/oudoubice.cz\/index.php\/pro-turisty\/","title":{"rendered":"Pro turisty"},"content":{"rendered":"<h4><strong>Sportovn\u00ed vy\u017eit\u00ed v Doubici a okol\u00ed<\/strong><\/h4>\n<p><strong>Letn\u00ed sporty:<\/strong><\/p>\n<ul>\n<li>tenisov\u00e9 kurty u <a href=\"http:\/\/www.starahospoda.cz\/\">Star\u00e9 Hospody<\/a><\/li>\n<li>cyklostezky v N\u00e1rodn\u00edm parku \u010cesk\u00e9 \u0160v\u00fdcarsko<\/li>\n<li>sportovn\u00ed programy <a href=\"http:\/\/www.hotel-jef.cz\/\">Hotelu JEF<\/a>\u00a0(fitness)<\/li>\n<li>p\u011b\u0161\u00ed turistick\u00e9 trasy v N\u00e1rodn\u00edm parku \u010cesk\u00e9 \u0160v\u00fdcarsko, CHKO Lu\u017eick\u00e9 hory a CHKO Labsk\u00e9 P\u00edskovce<\/li>\n<li>plav\u00e1n\u00ed v Doubick\u00fdch rybn\u00edc\u00edch (Horn\u00ed rybn\u00edk a Velk\u00fd rybn\u00edk) nebo nedalek\u00e9 Kyjovsk\u00e9 p\u0159ehrad\u011b (3 km)<\/li>\n<\/ul>\n<p><strong>Zimn\u00ed sporty:<\/strong><\/p>\n<ul>\n<li>Ly\u017eov\u00e1n\u00ed\u00a0 &#8211; ski are\u00e1l <a href=\"http:\/\/www.timski.cz\/\">Horn\u00ed Podlu\u017e\u00ed <\/a>a <a href=\"http:\/\/sport-jedlova.cz\/\">Jedlov\u00e1<\/a><\/li>\n<li>B\u011b\u017ekov\u00e1n\u00ed &#8211; udr\u017eovan\u00e9 <a href=\"http:\/\/oudoubice.cz\/wp-content\/uploads\/2015\/07\/bezkarske-trasy-Doubice.pdf\">b\u011b\u017eka\u0159sk\u00e9 trati v Doubici<\/a> a bl\u00edzk\u00e9m okol\u00ed<\/li>\n<\/ul>\n<p>&nbsp;<\/p>\n<p><strong>TOP 20 p\u011b\u0161\u00edch v\u00fdlet\u016f po \u010ceskosask\u00e9m \u0160v\u00fdcarsku<\/strong> &#8211;<\/p>\n<ul>\n<li><a href=\"http:\/\/oudoubice.cz\/wp-content\/uploads\/2018\/01\/P\u011b\u0161\u00ed-v\u00fdlety-TOP-20-\u010dj-web.pdf\">bro\u017eura v PDF v \u010desk\u00e9m jazyce <\/a><\/li>\n<li><a href=\"http:\/\/oudoubice.cz\/wp-content\/uploads\/2018\/01\/TOP-20-n\u011bm\u010dina-web.pdf\"><span id=\"result_box\" class=\"short_text\" lang=\"de\"><span class=\"\">eine Brosch\u00fcre auf Deutsch<\/span><\/span><\/a><\/li>\n<\/ul>\n","protected":false},"excerpt":{"rendered":"<p>Sportovn\u00ed vy\u017eit\u00ed v Doubici a okol\u00ed Letn\u00ed sporty: tenisov\u00e9 kurty u Star\u00e9 Hospody cyklostezky v N\u00e1rodn\u00edm parku \u010cesk\u00e9 \u0160v\u00fdcarsko sportovn\u00ed programy Hotelu JEF\u00a0(fitness) p\u011b\u0161\u00ed turistick\u00e9 trasy v N\u00e1rodn\u00edm parku \u010cesk\u00e9 \u0160v\u00fdcarsko, CHKO Lu\u017eick\u00e9 hory a CHKO Labsk\u00e9 P\u00edskovce plav\u00e1n\u00ed v Doubick\u00fdch rybn\u00edc\u00edch (Horn\u00ed rybn\u00edk a Velk\u00fd rybn\u00edk) nebo nedalek\u00e9 Kyjovsk\u00e9 p\u0159ehrad\u011b (3 km) Zimn\u00ed sporty: [&hellip;]<\/p>\n","protected":false},"author":1,"featured_media":0,"parent":0,"menu_order":0,"comment_status":"open","ping_status":"open","template":"","meta":{"_mi_skip_tracking":false,"_monsterinsights_sitenote_active":false,"_monsterinsights_sitenote_note":"","_monsterinsights_sitenote_category":0},"_links":{"self":[{"href":"https:\/\/oudoubice.cz\/index.php\/wp-json\/wp\/v2\/pages\/294"}],"collection":[{"href":"https:\/\/oudoubice.cz\/index.php\/wp-json\/wp\/v2\/pages"}],"about":[{"href":"https:\/\/oudoubice.cz\/index.php\/wp-json\/wp\/v2\/types\/page"}],"author":[{"embeddable":true,"href":"https:\/\/oudoubice.cz\/index.php\/wp-json\/wp\/v2\/users\/1"}],"replies":[{"embeddable":true,"href":"https:\/\/oudoubice.cz\/index.php\/wp-json\/wp\/v2\/comments?post=294"}],"version-history":[{"count":7,"href":"https:\/\/oudoubice.cz\/index.php\/wp-json\/wp\/v2\/pages\/294\/revisions"}],"predecessor-version":[{"id":2562,"href":"https:\/\/oudoubice.cz\/index.php\/wp-json\/wp\/v2\/pages\/294\/revisions\/2562"}],"wp:attachment":[{"href":"https:\/\/oudoubice.cz\/index.php\/wp-json\/wp\/v2\/media?parent=294"}],"curies":[{"name":"wp","href":"https:\/\/api.w.org\/{rel}","templated":true}]}}