{"id":296,"date":"2015-07-03T08:34:26","date_gmt":"2015-07-03T07:34:26","guid":{"rendered":"http:\/\/jirivetvicka.cz\/?page_id=296"},"modified":"2020-07-08T14:09:51","modified_gmt":"2020-07-08T13:09:51","slug":"pensiony-a-restaurace","status":"publish","type":"page","link":"https:\/\/oudoubice.cz\/index.php\/pensiony-a-restaurace\/","title":{"rendered":"Pensiony a restaurace"},"content":{"rendered":"<p><strong>Doubick\u00e1 hospoda<\/strong>, Doubice \u010d.p.1 (stravov\u00e1n\u00ed)<\/p>\n<p><a href=\"http:\/\/www.doubickechalupy.eu\/\"><strong>Doubick\u00e9 chalupy<\/strong><\/a>, Doubice \u010d.p.214 (ubytov\u00e1n\u00ed)<\/p>\n<p><a href=\"https:\/\/www.doubickyvenkov.cz\/\"><strong>Doubick\u00fd venkov<\/strong><\/a>, Doubice \u010d.p.221 (ubytov\u00e1n\u00ed)<\/p>\n<p><a href=\"http:\/\/fabrika-doubice6.webnode.cz\/\"><strong>Fabrika<\/strong><\/a>, Doubice \u010d.p.174 (ubytov\u00e1n\u00ed, stravov\u00e1n\u00ed, kulturn\u00ed akce)<\/p>\n<p><a href=\"http:\/\/www.hotel-jef.cz\/\"><strong>Hotel JEF<\/strong><\/a>, Doubice \u010d.p.107 (ubytov\u00e1n\u00ed, stravov\u00e1n\u00ed, sport)<\/p>\n<p><a href=\"https:\/\/www.roubenkydoubice.cz\/\"><strong>Roubenky Doubice<\/strong><\/a>, Doubice \u010d.p.108 a \u010d.p.73 (ubytov\u00e1n\u00ed)<\/p>\n<p><a href=\"https:\/\/www.e-chalupy.cz\/ceske_svycarsko\/chalupa-doubice-ubytovani-7321.php\"><strong>Chaloupka Doubice<\/strong><\/a>, \u010d.p.179 (ubytov\u00e1n\u00ed)<\/p>\n<p><a href=\"http:\/\/www.penzion-hubertus.cz\/\"><strong>Chata Hubertus<\/strong><\/a>, Doubice \u010d.p.163 (ubytov\u00e1n\u00ed, stravov\u00e1n\u00ed)<\/p>\n<p><a href=\"https:\/\/www.doubice.cz\/chrastalka\/\"><strong>Ch\u0159\u00e1stalka<\/strong><\/a>, Doubice \u010d.p.4 (ubytov\u00e1n\u00ed)<\/p>\n<p><a href=\"http:\/\/www.doubiceumatyase.cz\/\"><strong>Penzion Maty\u00e1\u0161<\/strong><\/a>, Doubice \u010d.p.196 (ubytov\u00e1n\u00ed, stravov\u00e1n\u00ed)<\/p>\n<p><a href=\"http:\/\/www.starahospoda.cz\/\"><strong>Star\u00e1 Hospoda<\/strong><\/a>, Doubice \u010d.p.172 (ubytov\u00e1n\u00ed, stravov\u00e1n\u00ed, sport)<\/p>\n<p><a href=\"http:\/\/www.doubickasalas.cz\/\"><strong>Sala\u0161<\/strong><\/a>, Doubice \u010d.p.207 (ubytov\u00e1n\u00ed)<\/p>\n<p><strong>Stavomont<\/strong>, Doubice \u010d.p.117 (ubytov\u00e1n\u00ed)<\/p>\n<p><a href=\"http:\/\/www.chatadoubice.cz\"><strong>Chata Doubice<\/strong><\/a>, Doubice \u010d.p.201 (ubytov\u00e1n\u00ed)<\/p>\n<p><strong>Orienta\u010dn\u00ed mapa obce Doubice s \u010d\u00edsly popisn\u00fdmi &#8211; <a href=\"http:\/\/oudoubice.cz\/wp-content\/uploads\/2015\/07\/mapa-Doubice-1500x1000-mm-170109-final.pdf\">mapa<\/a><\/strong><\/p>\n","protected":false},"excerpt":{"rendered":"<p>Doubick\u00e1 hospoda, Doubice \u010d.p.1 (stravov\u00e1n\u00ed) Doubick\u00e9 chalupy, Doubice \u010d.p.214 (ubytov\u00e1n\u00ed) Doubick\u00fd venkov, Doubice \u010d.p.221 (ubytov\u00e1n\u00ed) Fabrika, Doubice \u010d.p.174 (ubytov\u00e1n\u00ed, stravov\u00e1n\u00ed, kulturn\u00ed akce) Hotel JEF, Doubice \u010d.p.107 (ubytov\u00e1n\u00ed, stravov\u00e1n\u00ed, sport) Roubenky Doubice, Doubice \u010d.p.108 a \u010d.p.73 (ubytov\u00e1n\u00ed) Chaloupka Doubice, \u010d.p.179 (ubytov\u00e1n\u00ed) Chata Hubertus, Doubice \u010d.p.163 (ubytov\u00e1n\u00ed, stravov\u00e1n\u00ed) Ch\u0159\u00e1stalka, Doubice \u010d.p.4 (ubytov\u00e1n\u00ed) Penzion Maty\u00e1\u0161, Doubice \u010d.p.196 (ubytov\u00e1n\u00ed, [&hellip;]<\/p>\n","protected":false},"author":1,"featured_media":0,"parent":0,"menu_order":0,"comment_status":"open","ping_status":"open","template":"","meta":{"_mi_skip_tracking":false,"_monsterinsights_sitenote_active":false,"_monsterinsights_sitenote_note":"","_monsterinsights_sitenote_category":0},"_links":{"self":[{"href":"https:\/\/oudoubice.cz\/index.php\/wp-json\/wp\/v2\/pages\/296"}],"collection":[{"href":"https:\/\/oudoubice.cz\/index.php\/wp-json\/wp\/v2\/pages"}],"about":[{"href":"https:\/\/oudoubice.cz\/index.php\/wp-json\/wp\/v2\/types\/page"}],"author":[{"embeddable":true,"href":"https:\/\/oudoubice.cz\/index.php\/wp-json\/wp\/v2\/users\/1"}],"replies":[{"embeddable":true,"href":"https:\/\/oudoubice.cz\/index.php\/wp-json\/wp\/v2\/comments?post=296"}],"version-history":[{"count":17,"href":"https:\/\/oudoubice.cz\/index.php\/wp-json\/wp\/v2\/pages\/296\/revisions"}],"predecessor-version":[{"id":4721,"href":"https:\/\/oudoubice.cz\/index.php\/wp-json\/wp\/v2\/pages\/296\/revisions\/4721"}],"wp:attachment":[{"href":"https:\/\/oudoubice.cz\/index.php\/wp-json\/wp\/v2\/media?parent=296"}],"curies":[{"name":"wp","href":"https:\/\/api.w.org\/{rel}","templated":true}]}}