{"id":300,"date":"2015-07-03T08:35:01","date_gmt":"2015-07-03T07:35:01","guid":{"rendered":"http:\/\/jirivetvicka.cz\/?page_id=300"},"modified":"2017-04-28T10:43:40","modified_gmt":"2017-04-28T09:43:40","slug":"zajimavosti-v-obci","status":"publish","type":"page","link":"https:\/\/oudoubice.cz\/index.php\/zajimavosti-v-obci\/","title":{"rendered":"Zaj\u00edmavosti v obci"},"content":{"rendered":"<p><strong>Kostel Nanebevzet\u00ed Panny Marie<\/strong><\/p>\n<p>Pozdn\u011b barokn\u00ed sakr\u00e1ln\u00ed stavba s klasicistn\u00edmi prvky byla postavena v letech 1811\u20131814. Je farn\u00edm kostelem \u0158\u00edmskokatolick\u00e9 farnosti Doubice. Od roku 1958 je nemovitou kulturn\u00ed pam\u00e1tkou. A\u017e do po\u010d\u00e1tku 19. stolet\u00ed nem\u011bla Doubice vlastn\u00ed kostel a obec byla farn\u011b p\u0159\u00edslu\u0161n\u00e1 nejprve k Ch\u0159ibsk\u00e9, pot\u00e9 ke Kr\u00e1sn\u00e9 L\u00edp\u011b. Na stavbu vlastn\u00edho svatost\u00e1nku p\u0159isp\u011bli p\u0159edev\u0161\u00edm m\u00edstn\u00ed obyvatel\u00e9. Samostatn\u00e1 farnost byla kanonicky z\u0159\u00edzena roku 1810, zahrnuty do n\u00ed byly obce Doubice a Kyjov. Farn\u00ed kostel byl postaven v letech 1811\u20131814 v duchu pozdn\u00edho baroka s prvky klasicismu, vysv\u011bcen byl 16. dubna 1815. Ve \u0160luknovsk\u00e9m v\u00fdb\u011b\u017eku tedy pat\u0159\u00ed mezi mlad\u0161\u00ed chr\u00e1mov\u00e9 stavby. Pr\u00e1v\u011b proto nebyl v pozd\u011bj\u0161\u00edch dob\u00e1ch p\u0159estavov\u00e1n a dochoval se, v\u010detn\u011b interi\u00e9ru, v t\u00e9m\u011b\u0159 p\u016fvodn\u00ed podob\u011b. T\u011b\u017ek\u00e9 \u010dasy nastaly po druh\u00e9 sv\u011btov\u00e9 v\u00e1lce. Doubice za\u010dala b\u00fdt vys\u00eddlov\u00e1na, kostel se ocitl stranou z\u00e1jmu a na jeho \u00fadr\u017ebu nebyly finance. Pravideln\u00e9 bohoslu\u017eby se sou\u017eily do 60. let 20. stolet\u00ed, kdy u\u017e byl kostel zna\u010dn\u011b zch\u00e1tral\u00fd a propadla se vrchn\u00ed \u010d\u00e1st v\u011b\u017ee. S prvn\u00edmi pov\u00e1le\u010dn\u00fdmi opravami za\u010dal v roce 1975 tehdej\u0161\u00ed kr\u00e1snolipsk\u00fd administr\u00e1tor P. Alexej Bal\u00e1\u017e (shodou okolnost\u00ed byla v tomto roce z\u00e1rove\u0148 obec Doubice slou\u010dena s Kr\u00e1snou L\u00edpou). Na vlastn\u00ed n\u00e1klady a bez souhlasu p\u0159\u00edslu\u0161n\u00fdch \u00fa\u0159ad\u016f opravil st\u0159echu kostela, na dal\u0161\u00ed opravy nebyly finance. Celkovou rekonstrukc\u00ed pro\u0161el kostel pod spr\u00e1vou administr\u00e1tora P. Franti\u0161ka Jir\u00e1ska v letech 1987\u20131988, kdy byl opraveny vnit\u0159n\u00ed om\u00edtky, fas\u00e1da a tak\u00e9 st\u0159echa v\u011b\u017ee. Slavnostn\u00ed vysv\u011bcen\u00ed provedl 13. srpna 1988 pra\u017esk\u00fd sv\u011bt\u00edc\u00ed biskup Anton\u00edn Li\u0161ka. Kostel je ve vlastnictv\u00ed \u0158\u00edmskokatolick\u00e9 farnosti Kr\u00e1sn\u00e1 L\u00edpa u Rumburka. Spravov\u00e1n je excurrendo P. Anton\u00ednem Sedl\u00e1kem z Kr\u00e1sn\u00e9 L\u00edpy. Bohoslu\u017eby jsou slou\u017eeny ka\u017edou druhou sobotu v m\u011bs\u00edci od 17:00 v dob\u011b od kv\u011btna do \u0159\u00edjna.<\/p>\n<p>&nbsp;<\/p>\n<p><img loading=\"lazy\" class=\"mw-mmv-final-image jpg mw-mmv-dialog-is-open aligncenter\" src=\"https:\/\/upload.wikimedia.org\/wikipedia\/commons\/thumb\/2\/23\/Doubice_-_kostel.jpg\/800px-Doubice_-_kostel.jpg\" alt=\"\" width=\"653\" height=\"871\" \/><\/p>\n<p><strong>Kaple Nejsv\u011bt\u011bj\u0161\u00ed Trojice<\/strong><\/p>\n<p>Poln\u00ed kaple Nejsv\u011bt\u011bj\u0161\u00ed Trojice stoj\u00ed jihoz\u00e1padn\u011b od obce Doubice. Postavena byla v prvn\u00ed polovin\u011b 18. stolet\u00ed v barokn\u00edm slohu. Malou kapli dala postavit doubick\u00e1 rodina Simchenov\u00fdch ze statku \u010d. p. 13 (dnes po p\u0159e\u010d\u00edslov\u00e1n\u00ed \u010d. ev. 199) v prvn\u00ed polovin\u011b 18. stolet\u00ed. Podle soupisu kapl\u00ed z 30. let 19. stolet\u00ed byla postavena pravd\u011bpodobn\u011b roku 1728 nebo 1729. Vyu\u017e\u00edv\u00e1na byla k modlitb\u00e1m za po\u017eehn\u00e1n\u00ed \u00farody a oslav\u00e1m sv\u00e1tku Nejsv\u011bt\u011bj\u0161\u00ed Trojice. V 19. stolet\u00ed pat\u0159ilo pole s kapl\u00ed rodin\u011b Frindov\u00fdch. Drobn\u00e1 sakr\u00e1ln\u00ed stavba byla sv\u00fdmi majiteli pr\u016fb\u011b\u017en\u011b udr\u017eov\u00e1na, a to a\u017e do druh\u00e9 sv\u011btov\u00e9 v\u00e1lky. Po n\u00e1sledn\u00e9m odsunu p\u016fvodn\u00edch obyvatel vsi se o kapli nikdo nestaral, a ta postupn\u011b ch\u00e1trala. Na po\u010d\u00e1tku 21. stolet\u00ed st\u00e1ly pouze obvodov\u00e9 zdi s klenbou, chyb\u011bla st\u0159echa, \u0161t\u00edt a vnit\u0159n\u00ed vybaven\u00ed. Rekonstrukci zajistilo veden\u00ed obce Doubice. Roku 2004 byla kaple zast\u0159e\u0161ena a do\u010dkala se i nov\u00fdch om\u00edtek. Dal\u0161\u00ed opravy prob\u011bhly v druh\u00e9 polovin\u011b roku 2009. Fas\u00e1da byla upravena tak, aby kop\u00edrovala p\u016fvodn\u00ed vzhled stavby, st\u0159echa byla dopln\u011bna o malou v\u011b\u017ei\u010dku a dostala novou krytinu. Drobn\u00fdmi \u00fapravami pro\u0161lo rovn\u011b\u017e bezprost\u0159edn\u00ed okol\u00ed (o\u0161et\u0159en\u00ed l\u00edpy u kaple, v\u00fdsadba nov\u00e9). \u00a0Kaple Nejsv\u011bt\u011bj\u0161\u00ed Trojice je ve vlastnictv\u00ed obce Doubice. V t\u011bsn\u00e9 bl\u00edzkosti kaple roste mohutn\u00e1 l\u00edpa.<\/p>\n<p><img loading=\"lazy\" class=\"mw-mmv-final-image jpg mw-mmv-dialog-is-open aligncenter\" src=\"https:\/\/upload.wikimedia.org\/wikipedia\/commons\/thumb\/a\/ac\/Kaple_NT_Doubice_05.jpg\/800px-Kaple_NT_Doubice_05.jpg\" alt=\"\" width=\"655\" height=\"874\" \/><\/p>\n<p>&nbsp;<\/p>\n<p><strong>Kaple Panny Marie Sch\u00f6nstattsk\u00e9<\/strong><\/p>\n<p>V \u00a0jihov\u00fdchodn\u00edm rohu h\u0159bitova obklopuj\u00edc\u00edho kostel stoj\u00ed p\u016fvodn\u00ed m\u00e1rnice, p\u0159estav\u011bn\u00e1 roku 1988 na malou historizuj\u00edc\u00ed kapli zasv\u011bcenou Pann\u011b Marii. Vnit\u0159ek kaple je plochostrop\u00fd, na olt\u00e1\u0159i z roku 2012 je um\u00edst\u011bn obraz Panny Marie Sch\u00f6nstattsk\u00e9.<\/p>\n<p>&nbsp;<\/p>\n<p><strong>Pomn\u00edk d\u0159evorubce Josefa Sch\u00e4fera<\/strong><\/p>\n<p>Bl\u00edzko Doubick\u00e9 cesty (zelen\u00e1 turistick\u00e1 zna\u010dka) asi 200m od cesty stoj\u00ed pomn\u00ed\u010dek, kter\u00fd p\u0159ipom\u00edn\u00e1, \u017ee na tom m\u00edst\u011b dne 30.kv\u011btna 1910 uma\u010dkal padaj\u00edc\u00ed strom Josefa Sch\u00e4fera, d\u0159evorubce z Nov\u00fdch Doubic. Pomn\u00ed\u010dek nechali postavit jeho spolupracovn\u00edci lesn\u00ed spr\u00e1vce W.Tietze \u00a0a lesmistr Ferdinand H\u00e1jek.<\/p>\n<p><strong><a href=\"http:\/\/oudoubice.cz\/wp-content\/uploads\/2015\/07\/Schaffer.jpg\"><img loading=\"lazy\" class=\"aligncenter wp-image-1666\" src=\"http:\/\/oudoubice.cz\/wp-content\/uploads\/2015\/07\/Schaffer-225x300.jpg\" width=\"290\" height=\"387\" srcset=\"https:\/\/oudoubice.cz\/wp-content\/uploads\/2015\/07\/Schaffer-225x300.jpg 225w, https:\/\/oudoubice.cz\/wp-content\/uploads\/2015\/07\/Schaffer-768x1024.jpg 768w, https:\/\/oudoubice.cz\/wp-content\/uploads\/2015\/07\/Schaffer.jpg 1944w\" sizes=\"(max-width: 290px) 100vw, 290px\" \/><\/a><\/strong><\/p>\n<p><strong>Obrazy v okoln\u00edch les\u00edch<\/strong><\/p>\n<p>Po cest\u011b z Doubice na Tok\u00e1\u0148 (\u017elut\u00e1 turistick\u00e1 stezka) jsou v lese na v\u00fdznamn\u00fdch stromech instalov\u00e1ny obrazy. Obraz Nejsv\u011bt\u011bj\u0161\u00ed Trojice na T\u0159\u00edpackov\u00e9m buku. Obraz byl motivov\u00e1n snahou o vzk\u0159\u00ed\u0161en\u00ed star\u00fdch pom\u00edstn\u00edch n\u00e1zv\u016f (Dreipf\u00f6tige B\u00fcchel\u00a0= T\u0159\u00edpackov\u00fd buk), na malb\u011b uveden n\u00e1zev dvojjazy\u010dn\u011b. (autor: Ivo \u0160vejnoha, 2008). Obraz sv. Eustacha na Jedlin\u011b. Obraz u stejnojmenn\u00e9 loveck\u00e9 chaty, d\u016fvodem jeho\u00a0z\u0159\u00edzen\u00ed byla\u00a0n\u00e1hrada za informa\u010dn\u00ed ceduli, zmi\u0148uj\u00edc\u00ed existenci obrazu. (autor: Miroslav Hejn\u00fd, 2004). Oba obrazy po\u0159\u00eddila a nainstalovala Spr\u00e1va N\u00e1rodn\u00edho parku \u010cesk\u00e9 \u0160v\u00fdcarsko.<\/p>\n<p><a class=\"irc_mil i3597 iCV4i803ncJ4-zixyDjKkw5M\" tabindex=\"0\" href=\"https:\/\/www.google.cz\/url?sa=i&amp;rct=j&amp;q=&amp;esrc=s&amp;source=images&amp;cd=&amp;cad=rja&amp;uact=8&amp;ved=0ahUKEwixxJem0d3SAhXH6RQKHUeeCsQQjRwIBw&amp;url=http%3A%2F%2Fwww.turistika.cz%2Ffotogalerie%2F128678%2Fkolem-skal-z-doubic&amp;psig=AFQjCNFsb_nrfUsk5HMEdCFmPBYRfIi4ig&amp;ust=1489843398749804\" target=\"_blank\" rel=\"noopener noreferrer\" data-ved=\"0ahUKEwixxJem0d3SAhXH6RQKHUeeCsQQjRwIBw\" data-noload=\"\"><img loading=\"lazy\" class=\"irc_mi aligncenter\" src=\"http:\/\/foto.turistika.cz\/foto\/41798\/128678\/lrg_12160705btripackovybuk03.jpg\" alt=\"V\u00fdsledek obr\u00e1zku pro t\u0159\u00edpackov\u00fd buk\" width=\"530\" height=\"791\" \/><\/a><a class=\"irc_mil i3597 iCV4i803ncJ4-zixyDjKkw5M\" tabindex=\"0\" href=\"https:\/\/www.google.cz\/url?sa=i&amp;rct=j&amp;q=&amp;esrc=s&amp;source=images&amp;cd=&amp;cad=rja&amp;uact=8&amp;ved=0ahUKEwiQwe_l093SAhUHchQKHUh9BhkQjRwIBw&amp;url=http%3A%2F%2Fwww.wandern-saechsische-schweiz.de%2Fwordpress%2Fwanderungen%2Ftheodorenhalle%2F&amp;bvm=bv.149760088,d.ZGg&amp;psig=AFQjCNGIxHKHzmYQGreNgt9ENMyxdCyAtw&amp;ust=1489844055969037\" target=\"_blank\" rel=\"noopener noreferrer\" data-ved=\"0ahUKEwiQwe_l093SAhUHchQKHUh9BhkQjRwIBw\" data-noload=\"\"><img loading=\"lazy\" class=\"irc_mi aligncenter\" src=\"http:\/\/www.wandern-saechsische-schweiz.de\/wordpress\/wp-content\/gallery\/theodorenhalle\/Gemaelde_Jagdheiliger_Sv_Eustach_klein.JPG\" alt=\"V\u00fdsledek obr\u00e1zku pro sv.eustach Doubice\" width=\"528\" height=\"704\" \/><\/a><\/p>\n<p>&nbsp;<\/p>\n<p><strong>Vrch Spravedlnost<\/strong><\/p>\n<p>Spravedlnost (n\u011bmecky Irrichtberg, m\u00edstn\u00ed lidov\u00e9 ozna\u010den\u00ed Soud\u0148\u00e1k) \u00a0je zalesn\u011bn\u00fd \u010dedi\u010dov\u00fd vrch (533 m n. m.) v Lu\u017eick\u00fdch hor\u00e1ch, 1 km ji\u017en\u011b od Doubice a asi 5 km jihoz\u00e1padn\u011b od Kr\u00e1sn\u00e9 L\u00edpy. V\u00fdhledov\u00e1 plo\u0161ina na skalnat\u00e9m vrcholku je opat\u0159ena z\u00e1bradl\u00edm a lavi\u010dkou (udr\u017eov\u00e1no Klubem \u010cesk\u00fdch turist\u016f). Na severov\u00fdchod\u011b svahu skalisko z p\u011bti mocn\u00fdch \u010dedi\u010dov\u00fdch sloup\u016f zvan\u00e1 Mal\u00e1 Spravedlnost. Vrchol byl \u00fadajn\u011b m\u00edstem v\u00fdkonu hrdeln\u00edho pr\u00e1va m\u011bsta Ch\u0159ibsk\u00e1. Vrch je op\u0159eden pov\u011bstmi o stra\u0161ideln\u00e9m duchu Roh\u00e1lovi (H\u00f6rnel). Z vyhl\u00eddkov\u00e9 plo\u0161iny je kr\u00e1sn\u00fd v\u00fdhled na z\u00e1padn\u00ed \u010d\u00e1st Lu\u017eick\u00fdch hor a na \u010cesk\u00e9 \u0160v\u00fdcarsko. Vrcholov\u00e1 partie je chr\u00e1n\u011bna jako p\u0159\u00edrodn\u00ed rezervace Spravedlnost.<\/p>\n<p>A zde pov\u011bst o Roh\u00e1lovi (H\u00f6rnelovi):<\/p>\n<p><strong>\u201e\u2026 v Doubici kdysi zem\u0159el\u00a0bohat\u00fd peka\u0159 a \u0161pinav\u00fd lichv\u00e1\u0159 H<\/strong><strong>\u00f6rnel. Je\u0161t\u011b nep\u0159ipraven ku zpov\u011bdi, odehnal far\u00e1\u0159e od sv\u00e9ho smrteln\u00e9ho lo\u017ee a jeho du\u0161e nenalezla proto vykoupen\u00ed. Sm\u011bj\u00edc\u00ed se d\u011bdici jej nesli v\u00a0p\u0159ekr\u00e1sn\u00e9 rakvi na h\u0159bitov, kdy\u017e tu posledn\u00ed dvojice pr\u016fvodu pohl\u00e9dla k\u00a0jeho domu a s\u00a0hr\u016fzou spat\u0159ila z\u00a0kom\u00edna vykukuj\u00edc\u00edho domn\u011bl\u00e9ho zem\u0159el\u00e9ho. Pot\u00e9 se oto\u010dil cel\u00fd pr\u016fvod, nosi\u010di s\u00a0k\u0159ikem a pl\u00e1\u010dem zahodili rakev a prchli. N\u011bkte\u0159\u00ed state\u010dn\u00ed z\u00a0pr\u016fvodu v\u0161ak rakev otev\u0159eli a bylo jim spat\u0159iti tv\u00e1\u0159 lichv\u00e1\u0159ovu v\u00a0\u00fasm\u011b\u0161n\u00e9 posmrtn\u00e9 grimase. S\u00a0chvatem jej tedy na h\u0159bitov\u011b poh\u0159bili, aby se v\u0161ak tento je\u0161t\u011b t\u00e9\u017ee noci vr\u00e1til v\u00a0podob\u011b hlomoz\u00edc\u00edho stra\u0161idla do peka\u0159ova domu. I v\u00a0n\u00e1sleduj\u00edc\u00edch dnech hlomozil a kv\u00edlel tak, \u017ee i nejstate\u010dn\u011bj\u0161\u00ed peka\u0159\u016fv pomocn\u00edk utekl a v\u00a0dom\u011b necht\u011bli \u017e\u00edt ani ti nejb\u00eddn\u011bj\u0161\u00ed lid\u00e9 ani zadarmo. Staven\u00ed bylo opu\u0161t\u011bno a kdy\u017e H<\/strong><strong>\u00f6rnel za\u010dal stra\u0161it i u soused\u016f, obr\u00e1tili se lid\u00e9 na zdej\u0161\u00edho zpov\u011bdn\u00edka, aby ducha zapudil. Pot\u00e9, kdy kn\u011bz \u00fasp\u011bchu nedos\u00e1hl, povolal na pomoc sv\u00e9ho star\u00e9ho a u\u010den\u00e9ho kolegu z\u00a0Nixdorfu a tomuto moudr\u00e9mu mu\u017ei se nakonec poda\u0159ilo vypudit H<\/strong><strong>\u00f6rnela na Irichtsberg, kde stra\u0161\u00ed dodnes. Hlomoz\u00ed tam tak siln\u011b, \u017ee se mnohdy kolemjdouc\u00ed domn\u00edvaj\u00ed, \u017ee na n\u011b padne cel\u00e1 hora. Obyvatel\u00e9 pak berou (na d\u016fkaz sv\u00e9 state\u010dnosti) do ruky k\u00e1men a h\u00e1zej\u00ed ho s\u00a0nad\u00e1vkami po stra\u0161idlu, kter\u00e9 jim u\u017e nem\u016f\u017ee u\u0161kodit\u2026\u201c<\/strong><\/p>\n<p><img loading=\"lazy\" class=\"mw-mmv-final-image jpg mw-mmv-dialog-is-open aligncenter\" src=\"https:\/\/upload.wikimedia.org\/wikipedia\/commons\/thumb\/2\/2f\/Nov%C3%A1_Doubice.jpg\/1920px-Nov%C3%A1_Doubice.jpg\" alt=\"Spravedlost, u jej\u00edho \u00fapat\u00ed Nov\u00e1 Doubice.\" width=\"1908\" height=\"817\" \/><\/p>\n<p>&nbsp;<\/p>\n","protected":false},"excerpt":{"rendered":"<p>Kostel Nanebevzet\u00ed Panny Marie Pozdn\u011b barokn\u00ed sakr\u00e1ln\u00ed stavba s klasicistn\u00edmi prvky byla postavena v letech 1811\u20131814. Je farn\u00edm kostelem \u0158\u00edmskokatolick\u00e9 farnosti Doubice. Od roku 1958 je nemovitou kulturn\u00ed pam\u00e1tkou. A\u017e do po\u010d\u00e1tku 19. stolet\u00ed nem\u011bla Doubice vlastn\u00ed kostel a obec byla farn\u011b p\u0159\u00edslu\u0161n\u00e1 nejprve k Ch\u0159ibsk\u00e9, pot\u00e9 ke Kr\u00e1sn\u00e9 L\u00edp\u011b. Na stavbu vlastn\u00edho svatost\u00e1nku p\u0159isp\u011bli [&hellip;]<\/p>\n","protected":false},"author":1,"featured_media":0,"parent":0,"menu_order":0,"comment_status":"open","ping_status":"open","template":"","meta":{"_mi_skip_tracking":false,"_monsterinsights_sitenote_active":false,"_monsterinsights_sitenote_note":"","_monsterinsights_sitenote_category":0},"_links":{"self":[{"href":"https:\/\/oudoubice.cz\/index.php\/wp-json\/wp\/v2\/pages\/300"}],"collection":[{"href":"https:\/\/oudoubice.cz\/index.php\/wp-json\/wp\/v2\/pages"}],"about":[{"href":"https:\/\/oudoubice.cz\/index.php\/wp-json\/wp\/v2\/types\/page"}],"author":[{"embeddable":true,"href":"https:\/\/oudoubice.cz\/index.php\/wp-json\/wp\/v2\/users\/1"}],"replies":[{"embeddable":true,"href":"https:\/\/oudoubice.cz\/index.php\/wp-json\/wp\/v2\/comments?post=300"}],"version-history":[{"count":24,"href":"https:\/\/oudoubice.cz\/index.php\/wp-json\/wp\/v2\/pages\/300\/revisions"}],"predecessor-version":[{"id":1921,"href":"https:\/\/oudoubice.cz\/index.php\/wp-json\/wp\/v2\/pages\/300\/revisions\/1921"}],"wp:attachment":[{"href":"https:\/\/oudoubice.cz\/index.php\/wp-json\/wp\/v2\/media?parent=300"}],"curies":[{"name":"wp","href":"https:\/\/api.w.org\/{rel}","templated":true}]}}