{"id":314,"date":"2015-07-03T08:50:28","date_gmt":"2015-07-03T07:50:28","guid":{"rendered":"http:\/\/jirivetvicka.cz\/?page_id=314"},"modified":"2017-02-24T14:37:53","modified_gmt":"2017-02-24T12:37:53","slug":"spolek-pratel-doubice","status":"publish","type":"page","link":"https:\/\/oudoubice.cz\/index.php\/spolek-pratel-doubice\/","title":{"rendered":"Spolek p\u0159\u00e1tel Doubice"},"content":{"rendered":"<p>Z\u00e1klady tohoto Spolku, pozd\u011bji ob\u010dansk\u00e9ho sdru\u017een\u00ed, byly polo\u017eeny v l\u00e9t\u011b 1969, kdy se konstituovala skupina mlad\u00fdch d\u00edvek a chlapc\u016f z \u0159ad m\u00edstn\u00edch ob\u010dan\u016f a z rodin rekreant\u016f, kter\u00e1 spolu ji\u017e del\u0161\u00ed dobu tr\u00e1vila v Doubici spole\u010dn\u00e9 pr\u00e1zdniny. V jednom b\u00fdval\u00e9m chl\u00e9v\u011b si z\u0159\u00eddila klubovnu a zah\u00e1jila pravidelnou \u010dinnost. Krom\u011b ka\u017edodenn\u00edch sportovn\u00edch akc\u00ed byly organizov\u00e1ny celodenn\u00ed hromadn\u00e9 v\u00fdlety. \u00a0Na podzim 1975 byl uspo\u0159\u00e1d\u00e1n v Praze prvn\u00ed \u201eDoubick\u00fd parn\u00edk\u201c, kter\u00fd pravideln\u011b na za\u010d\u00e1tku \u0159\u00edjna vyplouval na Vltav\u011b a\u017e do roku 1988 (od roku 1984 tak\u00e9 na ja\u0159e). Zvy\u0161uj\u00edc\u00ed se ceny lodn\u00ed dopravy ukon\u010dily tuto hezkou tradici. \u00a0V roce 1976 byly poprv\u00e9 zorganizov\u00e1ny ve\u0159ejn\u00e9 kolob\u011b\u017ekov\u00e9 z\u00e1vody, ty se opakovaly do roku 1985, pak pro hust\u00fd silni\u010dn\u00ed provoz byly p\u0159eru\u0161eny a znovu obnoveny v roce 2003 na trase mimo b\u011b\u017en\u00fd provoz. \u00a0Od 2.12.1977 se ka\u017edoro\u010dn\u011b dodnes kon\u00e1 v obci tzv.\u201ccvi\u010den\u00ed\u201c, co\u017e je na konci roku dvou- n\u011bkdy t\u0159\u00eddenn\u00ed setk\u00e1n\u00ed pouze mu\u017e\u016f. Rozlou\u010dit se s kon\u010d\u00edc\u00edm rokem (mo\u017en\u00e1 i \u017eivotem) p\u0159ich\u00e1z\u00ed pravideln\u011b p\u0159es 40 z\u00e1jemc\u016f. \u00a026.1.1985 se v Praze uskute\u010dnil 1.\u201cDoubick\u00fd reprezenta\u010dn\u00ed ples\u201c. Ten se ka\u017edoro\u010dn\u011b kon\u00e1 dosud.<br \/>\nS pot\u0159ebou zast\u0159e\u0161it dosavadn\u00ed aktivity doubick\u00fdch chalup\u00e1\u0159\u016f vznikl v roce 1996 Spolek p\u0159\u00e1tel Doubice. Brzy po sv\u00e9m vzniku zorganizoval brig\u00e1du na vy\u010di\u0161t\u011bn\u00ed dvou skl\u00e1dek odpadu na okraji obce. Po dohod\u011b s Obecn\u00edm \u00fa\u0159adem se je\u0161t\u011b uskute\u010dnily dal\u0161\u00ed brig\u00e1dy za \u00fa\u010dasti doubick\u00fdch chalup\u00e1\u0159\u016f. V l\u00e9t\u011b 2003 bylo v\u011bnov\u00e1no n\u011bkolik sobotn\u00edch odpoledn\u00ed \u00faprav\u011b okol\u00ed \u010dasem po\u0161kozen\u00e9 kapli\u010dky, kter\u00e1 se letos do\u010dkala z\u00e1sadn\u00ed opravy. Spolek p\u0159\u00e1tel d\u00e1le zorganizoval dv\u011b aukce um\u011bleck\u00fdch p\u0159edm\u011bt\u016f ze zdroj\u016f \u010dlen\u016f. Jedna vynesla t\u00e9m\u011b\u0159 28 tis\u00edc, kter\u00e9 byly p\u0159ed\u00e1ny starostce moravsk\u00e9 obce posti\u017een\u00e9 v roce 1997 povodn\u00ed, v\u00fdt\u011b\u017eek druh\u00e9, cca 8 tis\u00edc, byl vlo\u017een jako p\u0159\u00edsp\u011bvek k zabezpe\u010den\u00ed skupiny archeologick\u00e9ho v\u00fdzkumu doubick\u00e9 skl\u00e1rny. Na pomoc obci T\u011bchlovice posti\u017een\u00e9 povodn\u00ed v roce 2001 byla uspo\u0159\u00e1d\u00e1na ve spolupr\u00e1ci s Obecn\u00edm zastupitelstvem sb\u00edrka . Na konci devades\u00e1t\u00fdch let bylo sv\u00e9pomocn\u011b upraveno b\u00fdval\u00e9 fotbalov\u00e9 h\u0159i\u0161t\u011b a dnes ji\u017e n\u011bkolik let je st\u0159edem z\u00e1jmu p\u0159edev\u0161\u00edm doubick\u00e9 ml\u00e1de\u017ee, kter\u00e1 se ka\u017edoro\u010dn\u011b z\u00fa\u010dast\u0148uje v okol\u00ed fotbalov\u00fdch turnaj\u016f, po\u0159\u00e1dan\u00fdch p\u0159edev\u0161\u00edm pro registrovan\u00e9 sportovce, co\u017e brzy odradilo pokusy t\u011bch star\u0161\u00edch rovn\u011b\u017e sout\u011b\u017eit. V z\u00e1\u0159\u00ed 2001 byla uspo\u0159\u00e1d\u00e1na 1.\u201cDoubick\u00e1 pou\u0165 sm\u00ed\u0159en\u00ed\u201c, kter\u00e1 se ka\u017edoro\u010dn\u011b opakuje &#8211; s rostouc\u00edm po\u010dtem \u00fa\u010dastn\u00edk\u016f a st\u00e1le slo\u017eit\u011bj\u0161\u00edm autorsk\u00fdm zad\u00e1n\u00edm.\u00a0O akc\u00edch v Doubici informuje a ve\u0159ejnost na n\u011b zve od \u00fanora 2001 webov\u00e1 str\u00e1nka www.doubice.cz s pravideln\u00fdmi p\u0159\u00edsp\u011bvky z mnoha stran.<br \/>\nVe\u0161ker\u00e1 \u010dinnost Spolku prob\u00edh\u00e1 na b\u00e1zi dobrovolnosti a bez vyb\u00edr\u00e1n\u00ed \u010dlensk\u00fdch p\u0159\u00edsp\u011bvk\u016f.<\/p>\n","protected":false},"excerpt":{"rendered":"<p>Z\u00e1klady tohoto Spolku, pozd\u011bji ob\u010dansk\u00e9ho sdru\u017een\u00ed, byly polo\u017eeny v l\u00e9t\u011b 1969, kdy se konstituovala skupina mlad\u00fdch d\u00edvek a chlapc\u016f z \u0159ad m\u00edstn\u00edch ob\u010dan\u016f a z rodin rekreant\u016f, kter\u00e1 spolu ji\u017e del\u0161\u00ed dobu tr\u00e1vila v Doubici spole\u010dn\u00e9 pr\u00e1zdniny. V jednom b\u00fdval\u00e9m chl\u00e9v\u011b si z\u0159\u00eddila klubovnu a zah\u00e1jila pravidelnou \u010dinnost. Krom\u011b ka\u017edodenn\u00edch sportovn\u00edch akc\u00ed byly organizov\u00e1ny celodenn\u00ed [&hellip;]<\/p>\n","protected":false},"author":1,"featured_media":0,"parent":0,"menu_order":0,"comment_status":"open","ping_status":"open","template":"","meta":{"_mi_skip_tracking":false,"_monsterinsights_sitenote_active":false,"_monsterinsights_sitenote_note":"","_monsterinsights_sitenote_category":0},"_links":{"self":[{"href":"https:\/\/oudoubice.cz\/index.php\/wp-json\/wp\/v2\/pages\/314"}],"collection":[{"href":"https:\/\/oudoubice.cz\/index.php\/wp-json\/wp\/v2\/pages"}],"about":[{"href":"https:\/\/oudoubice.cz\/index.php\/wp-json\/wp\/v2\/types\/page"}],"author":[{"embeddable":true,"href":"https:\/\/oudoubice.cz\/index.php\/wp-json\/wp\/v2\/users\/1"}],"replies":[{"embeddable":true,"href":"https:\/\/oudoubice.cz\/index.php\/wp-json\/wp\/v2\/comments?post=314"}],"version-history":[{"count":3,"href":"https:\/\/oudoubice.cz\/index.php\/wp-json\/wp\/v2\/pages\/314\/revisions"}],"predecessor-version":[{"id":1492,"href":"https:\/\/oudoubice.cz\/index.php\/wp-json\/wp\/v2\/pages\/314\/revisions\/1492"}],"wp:attachment":[{"href":"https:\/\/oudoubice.cz\/index.php\/wp-json\/wp\/v2\/media?parent=314"}],"curies":[{"name":"wp","href":"https:\/\/api.w.org\/{rel}","templated":true}]}}