{"id":3857,"date":"2019-07-30T07:20:54","date_gmt":"2019-07-30T06:20:54","guid":{"rendered":"http:\/\/oudoubice.cz\/?page_id=3857"},"modified":"2019-08-05T15:00:09","modified_gmt":"2019-08-05T14:00:09","slug":"tc-mozkove-lazne-doubice","status":"publish","type":"page","link":"https:\/\/oudoubice.cz\/index.php\/tc-mozkove-lazne-doubice\/","title":{"rendered":"TC Mozkov\u00e9 l\u00e1zn\u011b Doubice"},"content":{"rendered":"\n<figure class=\"wp-block-image\"><img loading=\"lazy\" width=\"908\" height=\"683\" src=\"http:\/\/oudoubice.cz\/wp-content\/uploads\/2019\/08\/TC-ML-Doubice.jpg\" alt=\"\" class=\"wp-image-3878\" srcset=\"https:\/\/oudoubice.cz\/wp-content\/uploads\/2019\/08\/TC-ML-Doubice.jpg 908w, https:\/\/oudoubice.cz\/wp-content\/uploads\/2019\/08\/TC-ML-Doubice-300x226.jpg 300w, https:\/\/oudoubice.cz\/wp-content\/uploads\/2019\/08\/TC-ML-Doubice-768x578.jpg 768w\" sizes=\"(max-width: 908px) 100vw, 908px\" \/><\/figure>\n","protected":false},"excerpt":{"rendered":"","protected":false},"author":1,"featured_media":0,"parent":0,"menu_order":0,"comment_status":"closed","ping_status":"closed","template":"","meta":{"_mi_skip_tracking":false,"_monsterinsights_sitenote_active":false,"_monsterinsights_sitenote_note":"","_monsterinsights_sitenote_category":0},"_links":{"self":[{"href":"https:\/\/oudoubice.cz\/index.php\/wp-json\/wp\/v2\/pages\/3857"}],"collection":[{"href":"https:\/\/oudoubice.cz\/index.php\/wp-json\/wp\/v2\/pages"}],"about":[{"href":"https:\/\/oudoubice.cz\/index.php\/wp-json\/wp\/v2\/types\/page"}],"author":[{"embeddable":true,"href":"https:\/\/oudoubice.cz\/index.php\/wp-json\/wp\/v2\/users\/1"}],"replies":[{"embeddable":true,"href":"https:\/\/oudoubice.cz\/index.php\/wp-json\/wp\/v2\/comments?post=3857"}],"version-history":[{"count":2,"href":"https:\/\/oudoubice.cz\/index.php\/wp-json\/wp\/v2\/pages\/3857\/revisions"}],"predecessor-version":[{"id":3879,"href":"https:\/\/oudoubice.cz\/index.php\/wp-json\/wp\/v2\/pages\/3857\/revisions\/3879"}],"wp:attachment":[{"href":"https:\/\/oudoubice.cz\/index.php\/wp-json\/wp\/v2\/media?parent=3857"}],"curies":[{"name":"wp","href":"https:\/\/api.w.org\/{rel}","templated":true}]}}