{"id":3861,"date":"2019-07-30T07:31:59","date_gmt":"2019-07-30T06:31:59","guid":{"rendered":"http:\/\/oudoubice.cz\/?page_id=3861"},"modified":"2019-08-05T15:25:09","modified_gmt":"2019-08-05T14:25:09","slug":"o-klubu","status":"publish","type":"page","link":"https:\/\/oudoubice.cz\/index.php\/tc-mozkove-lazne-doubice\/o-klubu\/","title":{"rendered":"O klubu"},"content":{"rendered":"\n<p>&#8222;<strong>V\u00edt\u011bzstv\u00ed je kr\u00e1sn\u00e1 v\u011bc, ale p\u0159\u00e1telstv\u00ed je lep\u0161\u00ed<\/strong>&#8220; (Emil Z\u00e1topek)<\/p>\n\n\n\n<p>Odd\u00edl byl zalo\u017een v roce 2003. \u010clensk\u00e1 z\u00e1kladna v obdob\u00ed vzniku \u010dinila cca 30 hr\u00e1\u010d\u016f z \u0159ad m\u00edstn\u00edch obyvatel a chalup\u00e1\u0159\u016f. V n\u00e1sleduj\u00edc\u00edm roce byla odehr\u00e1na jedna sout\u011b\u017en\u00ed sezona dru\u017estva dosp\u011bl\u00fdch v severo\u010desk\u00e9m p\u0159eboru. Pro v\u011bt\u0161inu na\u0161ich hr\u00e1\u010d\u016f se jednalo o prvn\u00ed kontakt se sout\u011b\u017en\u00edm tenisem. Nejstar\u0161\u00edm registrovan\u00fdm sout\u011b\u017en\u00edm tenistou v \u010cech\u00e1ch je n\u00e1\u0161 reprezentant &#8211; Karel Fiala. V n\u00e1sleduj\u00edc\u00edch letech jsme v Doubici zalo\u017eili tradici tenisov\u00fdch turnaj\u016f a v\u011bnovali se p\u0159edev\u0161\u00edm v\u00fdchov\u011b ml\u00e1de\u017ee. Velmi \u0161\u0165astn\u00e9 spojen\u00ed s are\u00e1lem sportu v Kr\u00e1sn\u00e9 L\u00edp\u011b a osobou Vlastimila \u0160malcla trvalo intenzivn\u011b cca 10 let a trv\u00e1 doposud. Spole\u010dn\u011b jsme dos\u00e1hli pro n\u00e1s velk\u00fdch \u00fasp\u011bch\u016f v kategori\u00edch baby tenis a \u017eactva. \u017d\u00e1ci n\u00e1s reprezentuj\u00ed formou hostov\u00e1n\u00ed, nebo ji\u017e uskute\u010dn\u011bn\u00fdch p\u0159estup\u016f v r\u016fzn\u00fdch odd\u00edlech. Tr\u00e9nujeme za finan\u010dn\u00ed podpory Obce Doubice, SRAS Rumburk\u00a0a majitel\u016f Star\u00e9 Hospody v Doubici. Pod\u011bkov\u00e1n\u00ed pat\u0159\u00ed tak\u00e9 v\u0161em dal\u0161\u00edm sponzor\u016fm a rodi\u010d\u016fm. C\u00edlem na\u0161eho sna\u017een\u00ed je spojen\u00ed dosp\u011bl\u00fdch, dosp\u00edvaj\u00edc\u00edch a d\u011bt\u00ed v jeden kamar\u00e1dsk\u00fd kolektiv. <\/p>\n","protected":false},"excerpt":{"rendered":"<p>&#8222;V\u00edt\u011bzstv\u00ed je kr\u00e1sn\u00e1 v\u011bc, ale p\u0159\u00e1telstv\u00ed je lep\u0161\u00ed&#8220; (Emil Z\u00e1topek) Odd\u00edl byl zalo\u017een v roce 2003. \u010clensk\u00e1 z\u00e1kladna v obdob\u00ed vzniku \u010dinila cca 30 hr\u00e1\u010d\u016f z \u0159ad m\u00edstn\u00edch obyvatel a chalup\u00e1\u0159\u016f. V n\u00e1sleduj\u00edc\u00edm roce byla odehr\u00e1na jedna sout\u011b\u017en\u00ed sezona dru\u017estva dosp\u011bl\u00fdch v severo\u010desk\u00e9m p\u0159eboru. Pro v\u011bt\u0161inu na\u0161ich hr\u00e1\u010d\u016f se jednalo o prvn\u00ed kontakt se sout\u011b\u017en\u00edm [&hellip;]<\/p>\n","protected":false},"author":1,"featured_media":0,"parent":3857,"menu_order":0,"comment_status":"closed","ping_status":"closed","template":"","meta":{"_mi_skip_tracking":false,"_monsterinsights_sitenote_active":false,"_monsterinsights_sitenote_note":"","_monsterinsights_sitenote_category":0},"_links":{"self":[{"href":"https:\/\/oudoubice.cz\/index.php\/wp-json\/wp\/v2\/pages\/3861"}],"collection":[{"href":"https:\/\/oudoubice.cz\/index.php\/wp-json\/wp\/v2\/pages"}],"about":[{"href":"https:\/\/oudoubice.cz\/index.php\/wp-json\/wp\/v2\/types\/page"}],"author":[{"embeddable":true,"href":"https:\/\/oudoubice.cz\/index.php\/wp-json\/wp\/v2\/users\/1"}],"replies":[{"embeddable":true,"href":"https:\/\/oudoubice.cz\/index.php\/wp-json\/wp\/v2\/comments?post=3861"}],"version-history":[{"count":3,"href":"https:\/\/oudoubice.cz\/index.php\/wp-json\/wp\/v2\/pages\/3861\/revisions"}],"predecessor-version":[{"id":3882,"href":"https:\/\/oudoubice.cz\/index.php\/wp-json\/wp\/v2\/pages\/3861\/revisions\/3882"}],"up":[{"embeddable":true,"href":"https:\/\/oudoubice.cz\/index.php\/wp-json\/wp\/v2\/pages\/3857"}],"wp:attachment":[{"href":"https:\/\/oudoubice.cz\/index.php\/wp-json\/wp\/v2\/media?parent=3861"}],"curies":[{"name":"wp","href":"https:\/\/api.w.org\/{rel}","templated":true}]}}