{"id":3864,"date":"2019-07-30T07:40:29","date_gmt":"2019-07-30T06:40:29","guid":{"rendered":"http:\/\/oudoubice.cz\/?page_id=3864"},"modified":"2019-08-05T15:12:25","modified_gmt":"2019-08-05T14:12:25","slug":"treninky","status":"publish","type":"page","link":"https:\/\/oudoubice.cz\/index.php\/tc-mozkove-lazne-doubice\/treninky\/","title":{"rendered":"Tr\u00e9ninky"},"content":{"rendered":"\n<p>Tren\u00e9rem odd\u00edlu je pan<strong> Ji\u0159\u00ed Ham\u00e1\u010dek<\/strong><\/p>\n\n\n\n<p>Tr\u00e9nujeme na dvorc\u00edch\u00a0v Rumburku &#8211; \u00fater\u00fd a \u010dtvrtek <\/p>\n\n\n\n<p>antuka v Doubici\u00a0&#8211;\u00a0 st\u0159eda a sobota <\/p>\n\n\n\n<p>um\u011bl\u00fd povrch v zim\u011b &#8211; hala Kr\u00e1sn\u00e1 L\u00edpa a t\u011blocvi\u010dna\u00a0<\/p>\n\n\n\n<p>V Rumburku tr\u00e9nuj\u00ed star\u0161\u00ed a vysp\u011blej\u0161\u00ed hr\u00e1\u010di. V Doubici mlad\u0161\u00ed a dom\u00e1c\u00ed d\u011bti. Star\u0161\u00ed a vysp\u011blej\u0161\u00ed maj\u00ed ur\u010ditou povinnost v\u011bnovat se mlad\u0161\u00edm a ti zase t\u011bm m\u00e9n\u011b zdatn\u011bj\u0161\u00edm. <\/p>\n\n\n\n<p><strong>Tr\u00e9nink u\u010d\u00ed d\u011bti prohr\u00e1vat i v\u00edt\u011bzit\u00a0&#8211; p\u0159\u00e1telit se a b\u00fdt \u010destn\u00fdm a dobr\u00fdm hr\u00e1\u010dem. <\/strong><\/p>\n","protected":false},"excerpt":{"rendered":"<p>Tren\u00e9rem odd\u00edlu je pan Ji\u0159\u00ed Ham\u00e1\u010dek Tr\u00e9nujeme na dvorc\u00edch\u00a0v Rumburku &#8211; \u00fater\u00fd a \u010dtvrtek antuka v Doubici\u00a0&#8211;\u00a0 st\u0159eda a sobota um\u011bl\u00fd povrch v zim\u011b &#8211; hala Kr\u00e1sn\u00e1 L\u00edpa a t\u011blocvi\u010dna\u00a0 V Rumburku tr\u00e9nuj\u00ed star\u0161\u00ed a vysp\u011blej\u0161\u00ed hr\u00e1\u010di. V Doubici mlad\u0161\u00ed a dom\u00e1c\u00ed d\u011bti. Star\u0161\u00ed a vysp\u011blej\u0161\u00ed maj\u00ed ur\u010ditou povinnost v\u011bnovat se mlad\u0161\u00edm a ti zase [&hellip;]<\/p>\n","protected":false},"author":1,"featured_media":0,"parent":3857,"menu_order":0,"comment_status":"closed","ping_status":"closed","template":"","meta":{"_mi_skip_tracking":false,"_monsterinsights_sitenote_active":false,"_monsterinsights_sitenote_note":"","_monsterinsights_sitenote_category":0},"_links":{"self":[{"href":"https:\/\/oudoubice.cz\/index.php\/wp-json\/wp\/v2\/pages\/3864"}],"collection":[{"href":"https:\/\/oudoubice.cz\/index.php\/wp-json\/wp\/v2\/pages"}],"about":[{"href":"https:\/\/oudoubice.cz\/index.php\/wp-json\/wp\/v2\/types\/page"}],"author":[{"embeddable":true,"href":"https:\/\/oudoubice.cz\/index.php\/wp-json\/wp\/v2\/users\/1"}],"replies":[{"embeddable":true,"href":"https:\/\/oudoubice.cz\/index.php\/wp-json\/wp\/v2\/comments?post=3864"}],"version-history":[{"count":2,"href":"https:\/\/oudoubice.cz\/index.php\/wp-json\/wp\/v2\/pages\/3864\/revisions"}],"predecessor-version":[{"id":3881,"href":"https:\/\/oudoubice.cz\/index.php\/wp-json\/wp\/v2\/pages\/3864\/revisions\/3881"}],"up":[{"embeddable":true,"href":"https:\/\/oudoubice.cz\/index.php\/wp-json\/wp\/v2\/pages\/3857"}],"wp:attachment":[{"href":"https:\/\/oudoubice.cz\/index.php\/wp-json\/wp\/v2\/media?parent=3864"}],"curies":[{"name":"wp","href":"https:\/\/api.w.org\/{rel}","templated":true}]}}