{"id":7223,"date":"2024-03-18T16:21:45","date_gmt":"2024-03-18T15:21:45","guid":{"rendered":"https:\/\/oudoubice.cz\/?page_id=7223"},"modified":"2024-03-18T16:23:07","modified_gmt":"2024-03-18T15:23:07","slug":"virtualni-prohlidka-obce","status":"publish","type":"page","link":"https:\/\/oudoubice.cz\/index.php\/pro-turisty\/virtualni-prohlidka-obce\/","title":{"rendered":"Virtu\u00e1ln\u00ed prohl\u00eddka obce"},"content":{"rendered":"\n<p><a href=\"https:\/\/www.virtualtravel.cz\/export\/doubice\/\">virtu\u00e1ln\u00ed prohl\u00eddka obce<\/a><\/p>\n","protected":false},"excerpt":{"rendered":"<p>virtu\u00e1ln\u00ed prohl\u00eddka obce<\/p>\n","protected":false},"author":1,"featured_media":0,"parent":294,"menu_order":1,"comment_status":"closed","ping_status":"closed","template":"","meta":{"_mi_skip_tracking":false,"_monsterinsights_sitenote_active":false,"_monsterinsights_sitenote_note":"","_monsterinsights_sitenote_category":0},"_links":{"self":[{"href":"https:\/\/oudoubice.cz\/index.php\/wp-json\/wp\/v2\/pages\/7223"}],"collection":[{"href":"https:\/\/oudoubice.cz\/index.php\/wp-json\/wp\/v2\/pages"}],"about":[{"href":"https:\/\/oudoubice.cz\/index.php\/wp-json\/wp\/v2\/types\/page"}],"author":[{"embeddable":true,"href":"https:\/\/oudoubice.cz\/index.php\/wp-json\/wp\/v2\/users\/1"}],"replies":[{"embeddable":true,"href":"https:\/\/oudoubice.cz\/index.php\/wp-json\/wp\/v2\/comments?post=7223"}],"version-history":[{"count":2,"href":"https:\/\/oudoubice.cz\/index.php\/wp-json\/wp\/v2\/pages\/7223\/revisions"}],"predecessor-version":[{"id":7226,"href":"https:\/\/oudoubice.cz\/index.php\/wp-json\/wp\/v2\/pages\/7223\/revisions\/7226"}],"up":[{"embeddable":true,"href":"https:\/\/oudoubice.cz\/index.php\/wp-json\/wp\/v2\/pages\/294"}],"wp:attachment":[{"href":"https:\/\/oudoubice.cz\/index.php\/wp-json\/wp\/v2\/media?parent=7223"}],"curies":[{"name":"wp","href":"https:\/\/api.w.org\/{rel}","templated":true}]}}